{"id":2226,"date":"2024-07-10T08:43:17","date_gmt":"2024-07-10T08:43:17","guid":{"rendered":"https:\/\/frenvi.eu\/?post_type=product&#038;p=2226"},"modified":"2026-03-19T14:21:11","modified_gmt":"2026-03-19T14:21:11","slug":"eatlery-cana","status":"publish","type":"product","link":"https:\/\/frenvi.eu\/en\/product\/eatlery-cana\/","title":{"rendered":"Edible cookie cup"},"content":{"rendered":"","protected":false},"excerpt":{"rendered":"<p data-start=\"0\" data-end=\"200\"><img decoding=\"async\" class=\"alignnone wp-image-582\" src=\"https:\/\/frenvi.eu\/wp-content\/uploads\/2024\/06\/gmovegan.png\" alt=\"\" width=\"128\" height=\"63\" srcset=\"https:\/\/frenvi.eu\/wp-content\/uploads\/2024\/06\/gmovegan.png 286w, https:\/\/frenvi.eu\/wp-content\/uploads\/2024\/06\/gmovegan-150x74.png 150w\" sizes=\"(max-width: 128px) 100vw, 128px\" \/><\/p>\n<p data-start=\"0\" data-end=\"200\">Our COOKIE CUP combines environmental awareness with enjoyment: a crispy biscuit, as sturdy as a classic mug \u2013 and a fine statement for sustainable coffee culture.<\/p>\n<p data-start=\"202\" data-end=\"293\">Perfect for coffee, tea and desserts, whether on-site or to-go.<\/p>\n<p data-start=\"295\" data-end=\"462\">In use, the taste of the food or drink is not affected with the flavours of the cup. The delicious flavour of the cup unfolds only when its chewed or eaten.<\/p>\n<p data-start=\"464\" data-end=\"485\">Made in Germany.<\/p>\n<p data-start=\"487\" data-end=\"549\">Free from plastic and palm oil \u2013 vegan-friendly.<\/p>\n<p data-start=\"551\" data-end=\"607\">Lowest CO2 footprint of all alternatives<\/p>\n<p data-start=\"609\" data-end=\"842\">100\u202f% edible. 100% sustainable. 100% natural. 0% waste.<br data-start=\"667\" data-end=\"670\" \/>Thermos resistant, resists high temps up to 90\u02daC<br data-start=\"720\" data-end=\"723\" \/>Leak-Proof: doesn\u2019t get wet leak proof for up to 60 minutes.<br data-start=\"783\" data-end=\"786\" \/>With no artificial colorants, sweeteners, or preservatives.<\/p>\n<p data-start=\"844\" data-end=\"943\" data-is-last-node=\"\" data-is-only-node=\"\">Individually customizable band \u2013 perfect for events, festivals, caf\u00e9s, and more.<\/p>\n<div class=\"elementor-element elementor-element-43051f15 wd-single-short-desc text-left elementor-widget elementor-widget-wd_single_product_short_description\" data-id=\"43051f15\" data-element_type=\"widget\" data-widget_type=\"wd_single_product_short_description.default\">\n<div class=\"elementor-widget-container\">\n<div class=\"woocommerce-product-details__short-description\">\n<p><strong>Size: 110 ml \/ 250 ml<\/strong><\/p>\n<p><strong>Weight: 14g \/ 26g<\/strong><\/p>\n<p><strong>Storage:\u00a0<\/strong>Store your cup in a cool, dry place. Once opened, store in an airtight container to preserve crispiness and maximise shelf life.<\/p>\n<\/div>\n<p><strong>Shelf Life:<\/strong>\u00a018 months<\/p>\n<p><strong>Certified in Accordance with:<\/strong><\/p>\n<p>ISO 22000 | FSSC 22000 | FSSAI |FDA | BRC | SGS | HALAL | KOSHER |<\/p>\n<div class=\"elementor-element elementor-element-43051f15 wd-single-short-desc text-left elementor-widget elementor-widget-wd_single_product_short_description\" data-id=\"43051f15\" data-element_type=\"widget\" data-widget_type=\"wd_single_product_short_description.default\">\n<div class=\"elementor-widget-container\">\n<div class=\"woocommerce-product-details__short-description\">\n<p>DECLARATION OF CONFORMITY | COA PRODUCT SPECIFICATIONS<\/p>\n<\/div>\n<\/div>\n<\/div>\n<\/div>\n<\/div>","protected":false},"featured_media":2224,"comment_status":"open","ping_status":"closed","template":"","meta":{"_acf_changed":false,"iawp_total_views":181},"product_brand":[],"product_cat":[45,44],"product_tag":[],"class_list":{"0":"post-2226","1":"product","2":"type-product","3":"status-publish","4":"has-post-thumbnail","6":"product_cat-eatlery-2","7":"product_cat-tacamuri-2","9":"first","10":"outofstock","11":"shipping-taxable","12":"product-type-variable"},"acf":[],"yoast_head":"<!-- This site is optimized with the Yoast SEO plugin v26.9 - https:\/\/yoast.com\/product\/yoast-seo-wordpress\/ -->\n<title>Can\u0103 comestibil\u0103 din cereale - Frenvi - Redefining Sustainability<\/title>\n<meta name=\"robots\" content=\"index, follow, max-snippet:-1, max-image-preview:large, max-video-preview:-1\" \/>\n<link rel=\"canonical\" href=\"https:\/\/frenvi.eu\/en\/product\/eatlery-cana\/\" \/>\n<meta property=\"og:locale\" content=\"en_GB\" \/>\n<meta property=\"og:type\" content=\"article\" \/>\n<meta property=\"og:title\" content=\"Can\u0103 comestibil\u0103 din cereale - Frenvi - Redefining Sustainability\" \/>\n<meta property=\"og:description\" content=\"CANA BISCUITE \u00eembin\u0103 responsabilitatea fa\u021b\u0103 de mediu cu pl\u0103cerea gustului: un biscuite crocant, la fel de rezistent ca o can\u0103 clasic\u0103 \u2013 \u0219i o declara\u021bie elegant\u0103 pentru o cultur\u0103 a cafelei sustenabil\u0103. Perfect\u0103 pentru cafea, ceai \u0219i deserturi, fie pentru consum la fa\u021ba locului, fie la pachet. \u00cen timpul utiliz\u0103rii, gustul m\u00e2nc\u0103rii sau al b\u0103uturii nu este influen\u021bat de aroma cupei. Aroma delicioas\u0103 a c\u0103nii se simte doar atunci c\u00e2nd este mestecat\u0103 sau m\u00e2ncat\u0103. Fabricat \u00een Germania. F\u0103r\u0103 plastic \u0219i f\u0103r\u0103 ulei de palmier \u2013 potrivit pentru vegani. Cea mai redus\u0103 amprent\u0103 de CO2 dintre toate alternativele. 100% comestibil. 100% sustenabil. 100% natural. 0% risip\u0103.Rezistent\u0103 la temperaturi ridicate \u2013 p\u00e2n\u0103 la 90\u02daC.Nu se \u00eenmoaie \u0219i nu curge \u2013 rezistent\u0103 p\u00e2n\u0103 la 60 de minute.F\u0103r\u0103 coloran\u021bi, \u00eendulcitori sau conservan\u021bi artificiali. Banderol\u0103 personalizabil\u0103 individual \u2013 perfect\u0103 pentru evenimente, festivaluri, cafenele \u0219i altele.      Dimensiune: 110 ml \/ 250 ml  Greutate: 14g \/ 26g  Depozitare:\u00a0P\u0103stra\u021bi cana \u00eentr-un loc r\u0103coros \u0219i uscat. Odat\u0103 deschis ambalajul, depozita\u021bi \u00eentr-un recipient ermetic pentru a p\u0103stra gustul crocant \u0219i pentru a maximiza durata de valabilitate.   Perioad\u0103 de valabilitate:\u00a018 luni  Certificat in conformitate cu:  ISO 22000 | FSSC 22000 | FSSAI |FDA | BRC | SGS | HALAL | KOSHER |     DECLARA\u021aIE DE CONFORMITATE | SPECIFICA\u021aII PRODUS COA\" \/>\n<meta property=\"og:url\" content=\"https:\/\/frenvi.eu\/en\/product\/eatlery-cana\/\" \/>\n<meta property=\"og:site_name\" content=\"Frenvi - Redefining Sustainability\" \/>\n<meta property=\"article:modified_time\" content=\"2026-03-19T14:21:11+00:00\" \/>\n<meta property=\"og:image\" content=\"https:\/\/frenvi.eu\/wp-content\/uploads\/2024\/07\/Group-7844.png\" \/>\n\t<meta property=\"og:image:width\" content=\"367\" \/>\n\t<meta property=\"og:image:height\" content=\"570\" \/>\n\t<meta property=\"og:image:type\" content=\"image\/png\" \/>\n<meta name=\"twitter:card\" content=\"summary_large_image\" \/>\n<meta name=\"twitter:label1\" content=\"Estimated reading time\" \/>\n\t<meta name=\"twitter:data1\" content=\"1 minute\" \/>\n<script type=\"application\/ld+json\" class=\"yoast-schema-graph\">{\"@context\":\"https:\/\/schema.org\",\"@graph\":[{\"@type\":\"WebPage\",\"@id\":\"https:\/\/frenvi.eu\/product\/eatlery-cana\/\",\"url\":\"https:\/\/frenvi.eu\/product\/eatlery-cana\/\",\"name\":\"Can\u0103 comestibil\u0103 din cereale - Frenvi - Redefining Sustainability\",\"isPartOf\":{\"@id\":\"https:\/\/frenvi.eu\/#website\"},\"primaryImageOfPage\":{\"@id\":\"https:\/\/frenvi.eu\/product\/eatlery-cana\/#primaryimage\"},\"image\":{\"@id\":\"https:\/\/frenvi.eu\/product\/eatlery-cana\/#primaryimage\"},\"thumbnailUrl\":\"https:\/\/frenvi.eu\/wp-content\/uploads\/2024\/07\/Group-7844.png\",\"datePublished\":\"2024-07-10T08:43:17+00:00\",\"dateModified\":\"2026-03-19T14:21:11+00:00\",\"breadcrumb\":{\"@id\":\"https:\/\/frenvi.eu\/product\/eatlery-cana\/#breadcrumb\"},\"inLanguage\":\"en-GB\",\"potentialAction\":[{\"@type\":\"ReadAction\",\"target\":[\"https:\/\/frenvi.eu\/product\/eatlery-cana\/\"]}]},{\"@type\":\"ImageObject\",\"inLanguage\":\"en-GB\",\"@id\":\"https:\/\/frenvi.eu\/product\/eatlery-cana\/#primaryimage\",\"url\":\"https:\/\/frenvi.eu\/wp-content\/uploads\/2024\/07\/Group-7844.png\",\"contentUrl\":\"https:\/\/frenvi.eu\/wp-content\/uploads\/2024\/07\/Group-7844.png\",\"width\":367,\"height\":570},{\"@type\":\"BreadcrumbList\",\"@id\":\"https:\/\/frenvi.eu\/product\/eatlery-cana\/#breadcrumb\",\"itemListElement\":[{\"@type\":\"ListItem\",\"position\":1,\"name\":\"Home\",\"item\":\"https:\/\/frenvi.eu\/\"},{\"@type\":\"ListItem\",\"position\":2,\"name\":\"Shop\",\"item\":\"https:\/\/frenvi.eu\/shop\/\"},{\"@type\":\"ListItem\",\"position\":3,\"name\":\"Can\u0103 comestibil\u0103 din cereale\"}]},{\"@type\":\"WebSite\",\"@id\":\"https:\/\/frenvi.eu\/#website\",\"url\":\"https:\/\/frenvi.eu\/\",\"name\":\"Frenvi - Redefining Sustainability\",\"description\":\"\",\"potentialAction\":[{\"@type\":\"SearchAction\",\"target\":{\"@type\":\"EntryPoint\",\"urlTemplate\":\"https:\/\/frenvi.eu\/?s={search_term_string}\"},\"query-input\":{\"@type\":\"PropertyValueSpecification\",\"valueRequired\":true,\"valueName\":\"search_term_string\"}}],\"inLanguage\":\"en-GB\"}]}<\/script>\n<!-- \/ Yoast SEO plugin. -->","yoast_head_json":{"title":"Can\u0103 comestibil\u0103 din cereale - Frenvi - Redefining Sustainability","robots":{"index":"index","follow":"follow","max-snippet":"max-snippet:-1","max-image-preview":"max-image-preview:large","max-video-preview":"max-video-preview:-1"},"canonical":"https:\/\/frenvi.eu\/en\/product\/eatlery-cana\/","og_locale":"en_GB","og_type":"article","og_title":"Can\u0103 comestibil\u0103 din cereale - Frenvi - Redefining Sustainability","og_description":"CANA BISCUITE \u00eembin\u0103 responsabilitatea fa\u021b\u0103 de mediu cu pl\u0103cerea gustului: un biscuite crocant, la fel de rezistent ca o can\u0103 clasic\u0103 \u2013 \u0219i o declara\u021bie elegant\u0103 pentru o cultur\u0103 a cafelei sustenabil\u0103. Perfect\u0103 pentru cafea, ceai \u0219i deserturi, fie pentru consum la fa\u021ba locului, fie la pachet. \u00cen timpul utiliz\u0103rii, gustul m\u00e2nc\u0103rii sau al b\u0103uturii nu este influen\u021bat de aroma cupei. Aroma delicioas\u0103 a c\u0103nii se simte doar atunci c\u00e2nd este mestecat\u0103 sau m\u00e2ncat\u0103. Fabricat \u00een Germania. F\u0103r\u0103 plastic \u0219i f\u0103r\u0103 ulei de palmier \u2013 potrivit pentru vegani. Cea mai redus\u0103 amprent\u0103 de CO2 dintre toate alternativele. 100% comestibil. 100% sustenabil. 100% natural. 0% risip\u0103.Rezistent\u0103 la temperaturi ridicate \u2013 p\u00e2n\u0103 la 90\u02daC.Nu se \u00eenmoaie \u0219i nu curge \u2013 rezistent\u0103 p\u00e2n\u0103 la 60 de minute.F\u0103r\u0103 coloran\u021bi, \u00eendulcitori sau conservan\u021bi artificiali. Banderol\u0103 personalizabil\u0103 individual \u2013 perfect\u0103 pentru evenimente, festivaluri, cafenele \u0219i altele.      Dimensiune: 110 ml \/ 250 ml  Greutate: 14g \/ 26g  Depozitare:\u00a0P\u0103stra\u021bi cana \u00eentr-un loc r\u0103coros \u0219i uscat. Odat\u0103 deschis ambalajul, depozita\u021bi \u00eentr-un recipient ermetic pentru a p\u0103stra gustul crocant \u0219i pentru a maximiza durata de valabilitate.   Perioad\u0103 de valabilitate:\u00a018 luni  Certificat in conformitate cu:  ISO 22000 | FSSC 22000 | FSSAI |FDA | BRC | SGS | HALAL | KOSHER |     DECLARA\u021aIE DE CONFORMITATE | SPECIFICA\u021aII PRODUS COA","og_url":"https:\/\/frenvi.eu\/en\/product\/eatlery-cana\/","og_site_name":"Frenvi - Redefining Sustainability","article_modified_time":"2026-03-19T14:21:11+00:00","og_image":[{"width":367,"height":570,"url":"https:\/\/frenvi.eu\/wp-content\/uploads\/2024\/07\/Group-7844.png","type":"image\/png"}],"twitter_card":"summary_large_image","twitter_misc":{"Estimated reading time":"1 minute"},"schema":{"@context":"https:\/\/schema.org","@graph":[{"@type":"WebPage","@id":"https:\/\/frenvi.eu\/product\/eatlery-cana\/","url":"https:\/\/frenvi.eu\/product\/eatlery-cana\/","name":"Can\u0103 comestibil\u0103 din cereale - Frenvi - Redefining Sustainability","isPartOf":{"@id":"https:\/\/frenvi.eu\/#website"},"primaryImageOfPage":{"@id":"https:\/\/frenvi.eu\/product\/eatlery-cana\/#primaryimage"},"image":{"@id":"https:\/\/frenvi.eu\/product\/eatlery-cana\/#primaryimage"},"thumbnailUrl":"https:\/\/frenvi.eu\/wp-content\/uploads\/2024\/07\/Group-7844.png","datePublished":"2024-07-10T08:43:17+00:00","dateModified":"2026-03-19T14:21:11+00:00","breadcrumb":{"@id":"https:\/\/frenvi.eu\/product\/eatlery-cana\/#breadcrumb"},"inLanguage":"en-GB","potentialAction":[{"@type":"ReadAction","target":["https:\/\/frenvi.eu\/product\/eatlery-cana\/"]}]},{"@type":"ImageObject","inLanguage":"en-GB","@id":"https:\/\/frenvi.eu\/product\/eatlery-cana\/#primaryimage","url":"https:\/\/frenvi.eu\/wp-content\/uploads\/2024\/07\/Group-7844.png","contentUrl":"https:\/\/frenvi.eu\/wp-content\/uploads\/2024\/07\/Group-7844.png","width":367,"height":570},{"@type":"BreadcrumbList","@id":"https:\/\/frenvi.eu\/product\/eatlery-cana\/#breadcrumb","itemListElement":[{"@type":"ListItem","position":1,"name":"Home","item":"https:\/\/frenvi.eu\/"},{"@type":"ListItem","position":2,"name":"Shop","item":"https:\/\/frenvi.eu\/shop\/"},{"@type":"ListItem","position":3,"name":"Can\u0103 comestibil\u0103 din cereale"}]},{"@type":"WebSite","@id":"https:\/\/frenvi.eu\/#website","url":"https:\/\/frenvi.eu\/","name":"Frenvi - Redefining Sustainability","description":"","potentialAction":[{"@type":"SearchAction","target":{"@type":"EntryPoint","urlTemplate":"https:\/\/frenvi.eu\/?s={search_term_string}"},"query-input":{"@type":"PropertyValueSpecification","valueRequired":true,"valueName":"search_term_string"}}],"inLanguage":"en-GB"}]}},"_links":{"self":[{"href":"https:\/\/frenvi.eu\/en\/wp-json\/wp\/v2\/product\/2226","targetHints":{"allow":["GET"]}}],"collection":[{"href":"https:\/\/frenvi.eu\/en\/wp-json\/wp\/v2\/product"}],"about":[{"href":"https:\/\/frenvi.eu\/en\/wp-json\/wp\/v2\/types\/product"}],"replies":[{"embeddable":true,"href":"https:\/\/frenvi.eu\/en\/wp-json\/wp\/v2\/comments?post=2226"}],"wp:featuredmedia":[{"embeddable":true,"href":"https:\/\/frenvi.eu\/en\/wp-json\/wp\/v2\/media\/2224"}],"wp:attachment":[{"href":"https:\/\/frenvi.eu\/en\/wp-json\/wp\/v2\/media?parent=2226"}],"wp:term":[{"taxonomy":"product_brand","embeddable":true,"href":"https:\/\/frenvi.eu\/en\/wp-json\/wp\/v2\/product_brand?post=2226"},{"taxonomy":"product_cat","embeddable":true,"href":"https:\/\/frenvi.eu\/en\/wp-json\/wp\/v2\/product_cat?post=2226"},{"taxonomy":"product_tag","embeddable":true,"href":"https:\/\/frenvi.eu\/en\/wp-json\/wp\/v2\/product_tag?post=2226"}],"curies":[{"name":"wp","href":"https:\/\/api.w.org\/{rel}","templated":true}]}}