{"id":2021,"date":"2025-02-11T13:38:05","date_gmt":"2025-02-11T13:38:05","guid":{"rendered":"https:\/\/frenvi.eu\/product\/pixel-water-bottle\/"},"modified":"2026-03-19T14:25:03","modified_gmt":"2026-03-19T14:25:03","slug":"water-bottle","status":"publish","type":"product","link":"https:\/\/frenvi.eu\/en\/product\/water-bottle\/","title":{"rendered":"Portable Stainless Steel Thermos"},"content":{"rendered":"","protected":false},"excerpt":{"rendered":"<p>This sipper bottle is your on-the-go companion for staying refreshed and hydrated throughout the day.<\/p>\n<p>A versatile and earth-friendly hydration solution suitable for indoor and outdoor activities to store hot and cold water bottle.<\/p>\n<p data-start=\"0\" data-end=\"114\">Double Wall Vacuum Insulated, Leak-Proof, Keeps Drinks Hot &amp; Cold.<\/p>\n<p data-start=\"0\" data-end=\"114\">Enjoy your favorite drinks at the perfect temperature with this high-quality thermos bottle featuring a durable stainless steel interior. Designed with double-wall vacuum insulation, it keeps beverages hot for hours or refreshingly cold throughout the day. The rust-resistant steel lining ensures a clean taste without retaining odors or flavors.<\/p>\n<p data-start=\"0\" data-end=\"114\">The leak-proof lid makes it ideal for travel, work, school, gym, or outdoor adventures. Its sturdy construction and sleek design combine durability with style, while the easy-to-clean interior makes daily use convenient and hygienic.<\/p>\n<p data-start=\"417\" data-end=\"658\">Made from food-safe materials and high-quality stainless steel as suitable water bottle for kids can also be used for school water bottle for girls and boys.<\/p>\n<div class=\"elementor-element elementor-element-43051f15 wd-single-short-desc text-left elementor-widget elementor-widget-wd_single_product_short_description\" data-id=\"43051f15\" data-element_type=\"widget\" data-widget_type=\"wd_single_product_short_description.default\">\n<div class=\"elementor-widget-container\">\n<div class=\"woocommerce-product-details__short-description\">\n<p data-start=\"0\" data-end=\"246\">It features a lightweight design, making it travel-friendly. It is cater to all ages and can be used as gym water bottle, cute water bottle for colleges. With a focus on sustainability, REuse repurposed rice husks and binders that can be recycled.<\/p>\n<p data-start=\"248\" data-end=\"339\">.<\/p>\n<p data-start=\"341\" data-end=\"584\">It has a lightweight design, making it ideal for travel. It is available in two sizes \u2013 <strong data-start=\"430\" data-end=\"440\">400 ml<\/strong> si <strong>600 ml<\/strong> \u2013 to suit all ages and can be used as a water bottle for the gym or as a cute bottle for college.<\/p>\n<p data-start=\"586\" data-end=\"767\" data-is-last-node=\"\" data-is-only-node=\"\">With a strong focus on sustainability, <strong data-start=\"628\" data-end=\"640\">REuse<\/strong> uses used rice husks and recyclable leaflets, being an eco-friendly choice without compromising on quality.<\/p>\n<p>Made from recycled biocomposites.<br \/>\nOur products are carefully crafted using high-quality biocomposites derived from responsibly collected agricultural waste \u2014 including bamboo fibers, rice husks, coffee husks, rice straw, and blended with food-grade polypropylene (PP).<br \/>\nBy reusing these agricultural residues, we give new life to natural materials that would otherwise have been wasted. Combined with polypropylene for added durability, each product is designed to be strong, safe and reusable, reducing environmental impact from production to end of life.<br \/>\n<strong>Sustainable by design. Circular by intention.<\/strong><\/p>\n<p><strong>100% recyclable<\/strong>: Fully recyclable to reduce environmental impact.<br \/>\n<strong>Ultra durable and indestructible<\/strong>: Designed to withstand daily use without cracking or breaking.<br \/>\n<strong>Scratch-resistant finish<\/strong>: Maintains a clean and polished appearance over time.<br \/>\n<strong>Reduced carbon footprint<\/strong>: Minimizes CO2 emissions throughout the production cycle.<br \/>\n<strong>Ideal for gifts and travel<\/strong>: Stylish, practical and suitable for any occasion.<br \/>\n<strong>Dishwasher safe<\/strong>: Withstands up to 3,000 cycles without damage.<br \/>\n<strong>Safe and non-toxic<\/strong>: No formaldehyde, BPA, melamine or other harmful substances.<br \/>\n<strong>Microwave and freezer compatible<\/strong>: Safe for food contact; quick heating in the microwave (under 1 minute) and freezer compatible.<br \/>\nV<strong>Versatile and temperature resistant<\/strong>: Suitable for both hot and cold foods.<br \/>\n<strong>Sustainable Choice<\/strong>: Helps reduce waste and ecological footprint.<br \/>\n<strong>Stylish variety<\/strong>: Available in several attractive colors and modern shapes.<br \/>\n<strong>Recommended for<\/strong>: Home, Office, School, Travel<\/p>\n<p><strong>TUV certificate<\/strong>\u00a0for hot food and drinks, BPA-free<br \/>\nAccording to US and EU standards<\/p>\n<\/div>\n<\/div>\n<\/div>\n<div class=\"elementor-element elementor-element-9a6cad8 color-scheme-inherit text-left elementor-widget elementor-widget-text-editor\" data-id=\"9a6cad8\" data-element_type=\"widget\" data-widget_type=\"text-editor.default\">\n<div class=\"elementor-widget-container\"><strong>Dimensions:<\/strong> 400 ml\/ 600 ml<\/div>\n<\/div>","protected":false},"featured_media":4190,"comment_status":"open","ping_status":"closed","template":"","meta":{"_acf_changed":false,"iawp_total_views":99},"product_brand":[],"product_cat":[49,46],"product_tag":[],"class_list":{"0":"post-2021","1":"product","2":"type-product","3":"status-publish","4":"has-post-thumbnail","6":"product_cat-reuse-2","7":"product_cat-cani-2","9":"first","10":"instock","11":"shipping-taxable","12":"product-type-simple"},"acf":[],"yoast_head":"<!-- This site is optimized with the Yoast SEO plugin v26.9 - https:\/\/yoast.com\/product\/yoast-seo-wordpress\/ -->\n<title>Termos portabil din o\u021bel inoxidabil - Frenvi - Redefining Sustainability<\/title>\n<meta name=\"robots\" content=\"index, follow, max-snippet:-1, max-image-preview:large, max-video-preview:-1\" \/>\n<link rel=\"canonical\" href=\"https:\/\/frenvi.eu\/en\/product\/water-bottle\/\" \/>\n<meta property=\"og:locale\" content=\"en_GB\" \/>\n<meta property=\"og:type\" content=\"article\" \/>\n<meta property=\"og:title\" content=\"Termos portabil din o\u021bel inoxidabil - Frenvi - Redefining Sustainability\" \/>\n<meta property=\"og:description\" content=\"Aceast\u0103 sticla termos este \u00eenso\u021bitorul t\u0103u pentru a r\u0103m\u00e2ne \u00eemprosp\u0103tat \u0219i hidratat pe tot parcursul zilei.  O sticl\u0103 versatil\u0103 \u0219i elegant\u0103, vine \u00een d\u0103ua m\u0103rimi pentru a se potrivi nevoilor \u0219i personalit\u0103\u021bii tale. Izola\u021bie cu perete dublu, etan\u0219, men\u021bine b\u0103uturile calde \u0219i reci. Bucur\u0103-te de b\u0103uturile tale preferate la temperatura perfect\u0103 cu acest termos de \u00eenalt\u0103 calitate, prev\u0103zut cu interior din o\u021bel inoxidabil. Datorit\u0103 izola\u021biei cu perete dublu \u0219i tehnologiei vacuum, p\u0103streaz\u0103 b\u0103uturile calde timp de mai multe ore sau reci pe parcursul \u00eentregii zile. Interiorul din o\u021bel inoxidabil este rezistent la rugin\u0103 \u0219i nu p\u0103streaz\u0103 mirosuri sau gusturi, asigur\u00e2nd o experien\u021b\u0103 curat\u0103 \u0219i pl\u0103cut\u0103 la fiecare utilizare. Capacul etan\u0219 previne scurgerile, fiind ideal pentru transport \u00een geant\u0103 sau rucsac.     Fabricata din materiale sigure pentru contactul cu alimentele si otel inoxidabil de inalta calitate,\u00a0este o sticla de apa potrivita pentru copii si poate fi folosita si ca sticla pentru scoala, atat pentru fete, cat si pentru baieti. Nu contine substante chimice daunatoare precum BPA, formaldehida sau melamina. Are un design usor, fiind ideala pentru calatorii. Este disponibila in doua dimensiuni \u2013 400 ml si 600 ml \u2013 pentru a se potrivi tuturor varstelor si poate fi folosita ca sticla de apa pentru sala sau ca sticla draguta pentru facultate. Cu un accent puternic pe sustenabilitate, REuse foloseste coji de orez refolosite si liante reciclabile, fiind o alegere eco-friendly fara compromisuri la capitolul calitate. Fabricat din biocompozite reciclate. Produsele noastre sunt create cu grija, folosind biocompozite de inalta calitate obtinute din deseuri agricole colectate in mod responsabil \u2014 inclusiv fibre de bambus, coji de orez, coji de cafea, paie de orez si amestecate cu polipropilena (PP) alimentara. Prin reutilizarea acestor reziduuri agricole, dam o noua viata materialelor naturale care altfel ar fi fost irosite. Combinate cu polipropilena pentru un plus de durabilitate, fiecare produs este conceput sa fie rezistent, sigur si reutilizabil, reducand impactul asupra mediului de la productie pana la finalul ciclului de viata. Sustenabil prin design. Circular prin intentie.  100% reciclabil: Complet reciclabil pentru a reduce impactul asupra mediului. Ultra durabil si indestructibil: Conceput sa reziste utilizarii zilnice fara sa crape sau sa se sparga. Finisaj rezistent la zgariaturi: Pastreaza un aspect curat si lustruit in timp. Amprenta redusa de carbon: Minimizeaza emisiile de CO2 pe tot parcursul ciclului de productie. Ideal pentru cadouri si calatorii: Stilat, practic si potrivit pentru orice ocazie. Sigur pentru masina de spalat vase: Rezista pana la 3.000 de cicluri fara deteriorare. Sigur si non-toxic: Fara formaldehida, BPA, melamina sau alte substante nocive. Compatibil cu cuptorul cu microunde si congelatorul: Sigur pentru contactul cu alimentele; reincalzire rapida in microunde (sub 1 minut) si compatibil cu congelatorul. Versatil si rezistent la temperaturi: Potrivit atat pentru alimente calde, cat si reci. Alegere Sustenabila: Ajuta la reducerea deseurilor si a amprentei ecologice. Varietate stilata: Disponibil in mai multe culori atragatoare si forme moderne. Recomandat pentru: Acasa, Birou, Scoala, Calatorii  Certificat TUV\u00a0pentru alimente si bauturi fierbin\u021bi, fara BPA Conform standardelor SUA si UE      Dimensiuni: 400 ml\/ 600 ml\" \/>\n<meta property=\"og:url\" content=\"https:\/\/frenvi.eu\/en\/product\/water-bottle\/\" \/>\n<meta property=\"og:site_name\" content=\"Frenvi - Redefining Sustainability\" \/>\n<meta property=\"article:modified_time\" content=\"2026-03-19T14:25:03+00:00\" \/>\n<meta property=\"og:image\" content=\"https:\/\/frenvi.eu\/wp-content\/uploads\/2025\/02\/6.png\" \/>\n\t<meta property=\"og:image:width\" content=\"1101\" \/>\n\t<meta property=\"og:image:height\" content=\"1656\" \/>\n\t<meta property=\"og:image:type\" content=\"image\/png\" \/>\n<meta name=\"twitter:card\" content=\"summary_large_image\" \/>\n<meta name=\"twitter:label1\" content=\"Estimated reading time\" \/>\n\t<meta name=\"twitter:data1\" content=\"1 minute\" \/>\n<script type=\"application\/ld+json\" class=\"yoast-schema-graph\">{\"@context\":\"https:\/\/schema.org\",\"@graph\":[{\"@type\":\"WebPage\",\"@id\":\"https:\/\/frenvi.eu\/product\/water-bottle\/\",\"url\":\"https:\/\/frenvi.eu\/product\/water-bottle\/\",\"name\":\"Termos portabil din o\u021bel inoxidabil - Frenvi - Redefining Sustainability\",\"isPartOf\":{\"@id\":\"https:\/\/frenvi.eu\/#website\"},\"primaryImageOfPage\":{\"@id\":\"https:\/\/frenvi.eu\/product\/water-bottle\/#primaryimage\"},\"image\":{\"@id\":\"https:\/\/frenvi.eu\/product\/water-bottle\/#primaryimage\"},\"thumbnailUrl\":\"https:\/\/frenvi.eu\/wp-content\/uploads\/2025\/02\/6.png\",\"datePublished\":\"2025-02-11T13:38:05+00:00\",\"dateModified\":\"2026-03-19T14:25:03+00:00\",\"breadcrumb\":{\"@id\":\"https:\/\/frenvi.eu\/product\/water-bottle\/#breadcrumb\"},\"inLanguage\":\"en-GB\",\"potentialAction\":[{\"@type\":\"ReadAction\",\"target\":[\"https:\/\/frenvi.eu\/product\/water-bottle\/\"]}]},{\"@type\":\"ImageObject\",\"inLanguage\":\"en-GB\",\"@id\":\"https:\/\/frenvi.eu\/product\/water-bottle\/#primaryimage\",\"url\":\"https:\/\/frenvi.eu\/wp-content\/uploads\/2025\/02\/6.png\",\"contentUrl\":\"https:\/\/frenvi.eu\/wp-content\/uploads\/2025\/02\/6.png\",\"width\":1101,\"height\":1656},{\"@type\":\"BreadcrumbList\",\"@id\":\"https:\/\/frenvi.eu\/product\/water-bottle\/#breadcrumb\",\"itemListElement\":[{\"@type\":\"ListItem\",\"position\":1,\"name\":\"Home\",\"item\":\"https:\/\/frenvi.eu\/\"},{\"@type\":\"ListItem\",\"position\":2,\"name\":\"Shop\",\"item\":\"https:\/\/frenvi.eu\/shop\/\"},{\"@type\":\"ListItem\",\"position\":3,\"name\":\"Termos portabil din o\u021bel inoxidabil\"}]},{\"@type\":\"WebSite\",\"@id\":\"https:\/\/frenvi.eu\/#website\",\"url\":\"https:\/\/frenvi.eu\/\",\"name\":\"Frenvi - Redefining Sustainability\",\"description\":\"\",\"potentialAction\":[{\"@type\":\"SearchAction\",\"target\":{\"@type\":\"EntryPoint\",\"urlTemplate\":\"https:\/\/frenvi.eu\/?s={search_term_string}\"},\"query-input\":{\"@type\":\"PropertyValueSpecification\",\"valueRequired\":true,\"valueName\":\"search_term_string\"}}],\"inLanguage\":\"en-GB\"}]}<\/script>\n<!-- \/ Yoast SEO plugin. -->","yoast_head_json":{"title":"Termos portabil din o\u021bel inoxidabil - Frenvi - Redefining Sustainability","robots":{"index":"index","follow":"follow","max-snippet":"max-snippet:-1","max-image-preview":"max-image-preview:large","max-video-preview":"max-video-preview:-1"},"canonical":"https:\/\/frenvi.eu\/en\/product\/water-bottle\/","og_locale":"en_GB","og_type":"article","og_title":"Termos portabil din o\u021bel inoxidabil - Frenvi - Redefining Sustainability","og_description":"Aceast\u0103 sticla termos este \u00eenso\u021bitorul t\u0103u pentru a r\u0103m\u00e2ne \u00eemprosp\u0103tat \u0219i hidratat pe tot parcursul zilei.  O sticl\u0103 versatil\u0103 \u0219i elegant\u0103, vine \u00een d\u0103ua m\u0103rimi pentru a se potrivi nevoilor \u0219i personalit\u0103\u021bii tale. Izola\u021bie cu perete dublu, etan\u0219, men\u021bine b\u0103uturile calde \u0219i reci. Bucur\u0103-te de b\u0103uturile tale preferate la temperatura perfect\u0103 cu acest termos de \u00eenalt\u0103 calitate, prev\u0103zut cu interior din o\u021bel inoxidabil. Datorit\u0103 izola\u021biei cu perete dublu \u0219i tehnologiei vacuum, p\u0103streaz\u0103 b\u0103uturile calde timp de mai multe ore sau reci pe parcursul \u00eentregii zile. Interiorul din o\u021bel inoxidabil este rezistent la rugin\u0103 \u0219i nu p\u0103streaz\u0103 mirosuri sau gusturi, asigur\u00e2nd o experien\u021b\u0103 curat\u0103 \u0219i pl\u0103cut\u0103 la fiecare utilizare. Capacul etan\u0219 previne scurgerile, fiind ideal pentru transport \u00een geant\u0103 sau rucsac.     Fabricata din materiale sigure pentru contactul cu alimentele si otel inoxidabil de inalta calitate,\u00a0este o sticla de apa potrivita pentru copii si poate fi folosita si ca sticla pentru scoala, atat pentru fete, cat si pentru baieti. Nu contine substante chimice daunatoare precum BPA, formaldehida sau melamina. Are un design usor, fiind ideala pentru calatorii. Este disponibila in doua dimensiuni \u2013 400 ml si 600 ml \u2013 pentru a se potrivi tuturor varstelor si poate fi folosita ca sticla de apa pentru sala sau ca sticla draguta pentru facultate. Cu un accent puternic pe sustenabilitate, REuse foloseste coji de orez refolosite si liante reciclabile, fiind o alegere eco-friendly fara compromisuri la capitolul calitate. Fabricat din biocompozite reciclate. Produsele noastre sunt create cu grija, folosind biocompozite de inalta calitate obtinute din deseuri agricole colectate in mod responsabil \u2014 inclusiv fibre de bambus, coji de orez, coji de cafea, paie de orez si amestecate cu polipropilena (PP) alimentara. Prin reutilizarea acestor reziduuri agricole, dam o noua viata materialelor naturale care altfel ar fi fost irosite. Combinate cu polipropilena pentru un plus de durabilitate, fiecare produs este conceput sa fie rezistent, sigur si reutilizabil, reducand impactul asupra mediului de la productie pana la finalul ciclului de viata. Sustenabil prin design. Circular prin intentie.  100% reciclabil: Complet reciclabil pentru a reduce impactul asupra mediului. Ultra durabil si indestructibil: Conceput sa reziste utilizarii zilnice fara sa crape sau sa se sparga. Finisaj rezistent la zgariaturi: Pastreaza un aspect curat si lustruit in timp. Amprenta redusa de carbon: Minimizeaza emisiile de CO2 pe tot parcursul ciclului de productie. Ideal pentru cadouri si calatorii: Stilat, practic si potrivit pentru orice ocazie. Sigur pentru masina de spalat vase: Rezista pana la 3.000 de cicluri fara deteriorare. Sigur si non-toxic: Fara formaldehida, BPA, melamina sau alte substante nocive. Compatibil cu cuptorul cu microunde si congelatorul: Sigur pentru contactul cu alimentele; reincalzire rapida in microunde (sub 1 minut) si compatibil cu congelatorul. Versatil si rezistent la temperaturi: Potrivit atat pentru alimente calde, cat si reci. Alegere Sustenabila: Ajuta la reducerea deseurilor si a amprentei ecologice. Varietate stilata: Disponibil in mai multe culori atragatoare si forme moderne. Recomandat pentru: Acasa, Birou, Scoala, Calatorii  Certificat TUV\u00a0pentru alimente si bauturi fierbin\u021bi, fara BPA Conform standardelor SUA si UE      Dimensiuni: 400 ml\/ 600 ml","og_url":"https:\/\/frenvi.eu\/en\/product\/water-bottle\/","og_site_name":"Frenvi - Redefining Sustainability","article_modified_time":"2026-03-19T14:25:03+00:00","og_image":[{"width":1101,"height":1656,"url":"https:\/\/frenvi.eu\/wp-content\/uploads\/2025\/02\/6.png","type":"image\/png"}],"twitter_card":"summary_large_image","twitter_misc":{"Estimated reading time":"1 minute"},"schema":{"@context":"https:\/\/schema.org","@graph":[{"@type":"WebPage","@id":"https:\/\/frenvi.eu\/product\/water-bottle\/","url":"https:\/\/frenvi.eu\/product\/water-bottle\/","name":"Termos portabil din o\u021bel inoxidabil - Frenvi - Redefining Sustainability","isPartOf":{"@id":"https:\/\/frenvi.eu\/#website"},"primaryImageOfPage":{"@id":"https:\/\/frenvi.eu\/product\/water-bottle\/#primaryimage"},"image":{"@id":"https:\/\/frenvi.eu\/product\/water-bottle\/#primaryimage"},"thumbnailUrl":"https:\/\/frenvi.eu\/wp-content\/uploads\/2025\/02\/6.png","datePublished":"2025-02-11T13:38:05+00:00","dateModified":"2026-03-19T14:25:03+00:00","breadcrumb":{"@id":"https:\/\/frenvi.eu\/product\/water-bottle\/#breadcrumb"},"inLanguage":"en-GB","potentialAction":[{"@type":"ReadAction","target":["https:\/\/frenvi.eu\/product\/water-bottle\/"]}]},{"@type":"ImageObject","inLanguage":"en-GB","@id":"https:\/\/frenvi.eu\/product\/water-bottle\/#primaryimage","url":"https:\/\/frenvi.eu\/wp-content\/uploads\/2025\/02\/6.png","contentUrl":"https:\/\/frenvi.eu\/wp-content\/uploads\/2025\/02\/6.png","width":1101,"height":1656},{"@type":"BreadcrumbList","@id":"https:\/\/frenvi.eu\/product\/water-bottle\/#breadcrumb","itemListElement":[{"@type":"ListItem","position":1,"name":"Home","item":"https:\/\/frenvi.eu\/"},{"@type":"ListItem","position":2,"name":"Shop","item":"https:\/\/frenvi.eu\/shop\/"},{"@type":"ListItem","position":3,"name":"Termos portabil din o\u021bel inoxidabil"}]},{"@type":"WebSite","@id":"https:\/\/frenvi.eu\/#website","url":"https:\/\/frenvi.eu\/","name":"Frenvi - Redefining Sustainability","description":"","potentialAction":[{"@type":"SearchAction","target":{"@type":"EntryPoint","urlTemplate":"https:\/\/frenvi.eu\/?s={search_term_string}"},"query-input":{"@type":"PropertyValueSpecification","valueRequired":true,"valueName":"search_term_string"}}],"inLanguage":"en-GB"}]}},"_links":{"self":[{"href":"https:\/\/frenvi.eu\/en\/wp-json\/wp\/v2\/product\/2021","targetHints":{"allow":["GET"]}}],"collection":[{"href":"https:\/\/frenvi.eu\/en\/wp-json\/wp\/v2\/product"}],"about":[{"href":"https:\/\/frenvi.eu\/en\/wp-json\/wp\/v2\/types\/product"}],"replies":[{"embeddable":true,"href":"https:\/\/frenvi.eu\/en\/wp-json\/wp\/v2\/comments?post=2021"}],"wp:featuredmedia":[{"embeddable":true,"href":"https:\/\/frenvi.eu\/en\/wp-json\/wp\/v2\/media\/4190"}],"wp:attachment":[{"href":"https:\/\/frenvi.eu\/en\/wp-json\/wp\/v2\/media?parent=2021"}],"wp:term":[{"taxonomy":"product_brand","embeddable":true,"href":"https:\/\/frenvi.eu\/en\/wp-json\/wp\/v2\/product_brand?post=2021"},{"taxonomy":"product_cat","embeddable":true,"href":"https:\/\/frenvi.eu\/en\/wp-json\/wp\/v2\/product_cat?post=2021"},{"taxonomy":"product_tag","embeddable":true,"href":"https:\/\/frenvi.eu\/en\/wp-json\/wp\/v2\/product_tag?post=2021"}],"curies":[{"name":"wp","href":"https:\/\/api.w.org\/{rel}","templated":true}]}}