{"id":1444,"date":"2024-07-19T07:48:14","date_gmt":"2024-07-19T07:48:14","guid":{"rendered":"https:\/\/frenvi.eu\/product\/tasty-sporky\/"},"modified":"2026-05-01T11:41:53","modified_gmt":"2026-05-01T11:41:53","slug":"tasty-sporky","status":"publish","type":"product","link":"https:\/\/frenvi.eu\/en\/product\/tasty-sporky\/","title":{"rendered":"Tasty Sporky"},"content":{"rendered":"","protected":false},"excerpt":{"rendered":"<p><img decoding=\"async\" class=\"alignnone wp-image-582\" src=\"https:\/\/frenvi.eu\/wp-content\/uploads\/2024\/06\/gmovegan.png\" alt=\"\" width=\"128\" height=\"63\" srcset=\"https:\/\/frenvi.eu\/wp-content\/uploads\/2024\/06\/gmovegan.png 286w, https:\/\/frenvi.eu\/wp-content\/uploads\/2024\/06\/gmovegan-150x74.png 150w\" sizes=\"(max-width: 128px) 100vw, 128px\" \/><br \/>\nOur Tasty Sporky is a 3D shaped combination consisting of fork and spoon.<\/p>\n<p>Available in one sweet or savoury variant. Experience a culinary adventure with our Tasty Sporky where functionality meets enjoyment! The subtle blend of flavours combines with the crunchiness of the fork to create a taste masterpiece. A perfect balance of stability and edibility.<\/p>\n<p>But that\u2019s not all \u2013 our Tasty Sporky is not only impressive in terms of taste, but also environmentally friendly..<\/p>\n<p>Suitable for pasta, salads, bowls, take-away boxes, cakes and more.<\/p>\n<p><strong>Size: (L) 140 x (W) 35 x (H) 4 mm<\/strong><br \/>\n<strong>Weight: 12g<\/strong><\/p>\n<p>In use, the taste of the food is not affected with the flavours of the spoons. The delicious flavour of the spoon unfolds only when its chewed or eaten.<\/p>\n<p><strong>Storage: <\/strong>Store your cutlery in a cool, dry place. Once opened, store in an airtight container to preserve crispiness and maximise shelf life.<\/p>\n<p><strong>Shelf Life:<\/strong> 18 months<\/p>\n<p><strong>Certified in Accordance with:<\/strong><br \/>\nISO 22000 | FSSC 22000 | FSSAI |FDA |BRC | SGS HALAL | KOSHER |<br \/>\nDECLARATION OF CONFORMITY | COA PRODUCT SPECIFICATIONS<\/p>\n<p><strong>10 pieces\/set<\/strong><\/p>","protected":false},"featured_media":1157,"comment_status":"open","ping_status":"closed","template":"","meta":{"_acf_changed":false,"iawp_total_views":128},"product_brand":[],"product_cat":[45,44],"product_tag":[],"class_list":{"0":"post-1444","1":"product","2":"type-product","3":"status-publish","4":"has-post-thumbnail","6":"product_cat-eatlery-2","7":"product_cat-tacamuri-2","9":"first","10":"instock","11":"shipping-taxable","12":"purchasable","13":"product-type-variable","14":"has-default-attributes"},"acf":[],"yoast_head":"<!-- This site is optimized with the Yoast SEO plugin v26.9 - https:\/\/yoast.com\/product\/yoast-seo-wordpress\/ -->\n<title>Tasty Sporky - Frenvi - Redefining Sustainability<\/title>\n<meta name=\"robots\" content=\"index, follow, max-snippet:-1, max-image-preview:large, max-video-preview:-1\" \/>\n<link rel=\"canonical\" href=\"https:\/\/frenvi.eu\/en\/product\/tasty-sporky\/\" \/>\n<meta property=\"og:locale\" content=\"en_GB\" \/>\n<meta property=\"og:type\" content=\"article\" \/>\n<meta property=\"og:title\" content=\"Tasty Sporky - Frenvi - Redefining Sustainability\" \/>\n<meta property=\"og:description\" content=\"Tasty Sporky este o combina\u021bie \u00een form\u0103 3D de furculi\u021b\u0103 \u0219i lingur\u0103.  Disponibila intr-o varianta dulce sau sarata. Experimenta\u021bi o aventur\u0103 culinar\u0103 cu Tasty Sporky, unde func\u021bionalitatea se \u00eent\u00e2lne\u0219te cu pl\u0103cerea! Amestecul subtil de arome se combin\u0103 cu aspectul crocant al furculi\u021bei pentru a crea o capodoper\u0103 a gustului. Un echilibru perfect \u00eentre stabilitate \u0219i comestibilitate.  Dar asta nu este tot \u2013 Tasty Sporky nu este impresionant doar \u00een ceea ce prive\u0219te gustul, ci \u0219i ecologic.  Potrivit pentru paste, salate, boluri, mancare la pachet, pr\u0103jituri \u0219i multe altele.  Dimensiune: 140 x 35 x 4 mm Greutate: 12g  \u00cen utilizare, gustul alimentelor nu este afectat de aroma tacamului. Savoarea delicioas\u0103 a tacamului se simte numai atunci c\u00e2nd este mestecat sau m\u00e2ncat.  Depozitare: P\u0103stra\u021bi tac\u00e2murile \u00eentr-un loc r\u0103coros \u0219i uscat. Odat\u0103 deschis ambalajul, depozita\u021bi \u00eentr-un recipient ermetic pentru a p\u0103stra gustul crocant \u0219i pentru a maximiza durata de valabilitate.  Perioad\u0103 de valabilitate: 18 luni  Certificat in conformitate cu: ISO 22000 | FSSC 22000 | FSSAI |FDA |BRC | SGS HALAL | KOSHER | DECLARA\u021aIE DE CONFORMITATE | SPECIFICA\u021aII PRODUS COA  10 buc \/set\" \/>\n<meta property=\"og:url\" content=\"https:\/\/frenvi.eu\/en\/product\/tasty-sporky\/\" \/>\n<meta property=\"og:site_name\" content=\"Frenvi - Redefining Sustainability\" \/>\n<meta property=\"article:modified_time\" content=\"2026-05-01T11:41:53+00:00\" \/>\n<meta property=\"og:image\" content=\"https:\/\/frenvi.eu\/wp-content\/uploads\/2024\/06\/sporky.png\" \/>\n\t<meta property=\"og:image:width\" content=\"734\" \/>\n\t<meta property=\"og:image:height\" content=\"1104\" \/>\n\t<meta property=\"og:image:type\" content=\"image\/png\" \/>\n<meta name=\"twitter:card\" content=\"summary_large_image\" \/>\n<meta name=\"twitter:label1\" content=\"Estimated reading time\" \/>\n\t<meta name=\"twitter:data1\" content=\"1 minute\" \/>\n<script type=\"application\/ld+json\" class=\"yoast-schema-graph\">{\"@context\":\"https:\/\/schema.org\",\"@graph\":[{\"@type\":\"WebPage\",\"@id\":\"https:\/\/frenvi.eu\/product\/tasty-sporky\/\",\"url\":\"https:\/\/frenvi.eu\/product\/tasty-sporky\/\",\"name\":\"Tasty Sporky - Frenvi - Redefining Sustainability\",\"isPartOf\":{\"@id\":\"https:\/\/frenvi.eu\/#website\"},\"primaryImageOfPage\":{\"@id\":\"https:\/\/frenvi.eu\/product\/tasty-sporky\/#primaryimage\"},\"image\":{\"@id\":\"https:\/\/frenvi.eu\/product\/tasty-sporky\/#primaryimage\"},\"thumbnailUrl\":\"https:\/\/frenvi.eu\/wp-content\/uploads\/2024\/06\/sporky.png\",\"datePublished\":\"2024-07-19T07:48:14+00:00\",\"dateModified\":\"2026-05-01T11:41:53+00:00\",\"breadcrumb\":{\"@id\":\"https:\/\/frenvi.eu\/product\/tasty-sporky\/#breadcrumb\"},\"inLanguage\":\"en-GB\",\"potentialAction\":[{\"@type\":\"ReadAction\",\"target\":[\"https:\/\/frenvi.eu\/product\/tasty-sporky\/\"]}]},{\"@type\":\"ImageObject\",\"inLanguage\":\"en-GB\",\"@id\":\"https:\/\/frenvi.eu\/product\/tasty-sporky\/#primaryimage\",\"url\":\"https:\/\/frenvi.eu\/wp-content\/uploads\/2024\/06\/sporky.png\",\"contentUrl\":\"https:\/\/frenvi.eu\/wp-content\/uploads\/2024\/06\/sporky.png\",\"width\":734,\"height\":1104},{\"@type\":\"BreadcrumbList\",\"@id\":\"https:\/\/frenvi.eu\/product\/tasty-sporky\/#breadcrumb\",\"itemListElement\":[{\"@type\":\"ListItem\",\"position\":1,\"name\":\"Home\",\"item\":\"https:\/\/frenvi.eu\/\"},{\"@type\":\"ListItem\",\"position\":2,\"name\":\"Shop\",\"item\":\"https:\/\/frenvi.eu\/shop\/\"},{\"@type\":\"ListItem\",\"position\":3,\"name\":\"Tasty Sporky\"}]},{\"@type\":\"WebSite\",\"@id\":\"https:\/\/frenvi.eu\/#website\",\"url\":\"https:\/\/frenvi.eu\/\",\"name\":\"Frenvi - Redefining Sustainability\",\"description\":\"\",\"potentialAction\":[{\"@type\":\"SearchAction\",\"target\":{\"@type\":\"EntryPoint\",\"urlTemplate\":\"https:\/\/frenvi.eu\/?s={search_term_string}\"},\"query-input\":{\"@type\":\"PropertyValueSpecification\",\"valueRequired\":true,\"valueName\":\"search_term_string\"}}],\"inLanguage\":\"en-GB\"}]}<\/script>\n<!-- \/ Yoast SEO plugin. -->","yoast_head_json":{"title":"Tasty Sporky - Frenvi - Redefining Sustainability","robots":{"index":"index","follow":"follow","max-snippet":"max-snippet:-1","max-image-preview":"max-image-preview:large","max-video-preview":"max-video-preview:-1"},"canonical":"https:\/\/frenvi.eu\/en\/product\/tasty-sporky\/","og_locale":"en_GB","og_type":"article","og_title":"Tasty Sporky - Frenvi - Redefining Sustainability","og_description":"Tasty Sporky este o combina\u021bie \u00een form\u0103 3D de furculi\u021b\u0103 \u0219i lingur\u0103.  Disponibila intr-o varianta dulce sau sarata. Experimenta\u021bi o aventur\u0103 culinar\u0103 cu Tasty Sporky, unde func\u021bionalitatea se \u00eent\u00e2lne\u0219te cu pl\u0103cerea! Amestecul subtil de arome se combin\u0103 cu aspectul crocant al furculi\u021bei pentru a crea o capodoper\u0103 a gustului. Un echilibru perfect \u00eentre stabilitate \u0219i comestibilitate.  Dar asta nu este tot \u2013 Tasty Sporky nu este impresionant doar \u00een ceea ce prive\u0219te gustul, ci \u0219i ecologic.  Potrivit pentru paste, salate, boluri, mancare la pachet, pr\u0103jituri \u0219i multe altele.  Dimensiune: 140 x 35 x 4 mm Greutate: 12g  \u00cen utilizare, gustul alimentelor nu este afectat de aroma tacamului. Savoarea delicioas\u0103 a tacamului se simte numai atunci c\u00e2nd este mestecat sau m\u00e2ncat.  Depozitare: P\u0103stra\u021bi tac\u00e2murile \u00eentr-un loc r\u0103coros \u0219i uscat. Odat\u0103 deschis ambalajul, depozita\u021bi \u00eentr-un recipient ermetic pentru a p\u0103stra gustul crocant \u0219i pentru a maximiza durata de valabilitate.  Perioad\u0103 de valabilitate: 18 luni  Certificat in conformitate cu: ISO 22000 | FSSC 22000 | FSSAI |FDA |BRC | SGS HALAL | KOSHER | DECLARA\u021aIE DE CONFORMITATE | SPECIFICA\u021aII PRODUS COA  10 buc \/set","og_url":"https:\/\/frenvi.eu\/en\/product\/tasty-sporky\/","og_site_name":"Frenvi - Redefining Sustainability","article_modified_time":"2026-05-01T11:41:53+00:00","og_image":[{"width":734,"height":1104,"url":"https:\/\/frenvi.eu\/wp-content\/uploads\/2024\/06\/sporky.png","type":"image\/png"}],"twitter_card":"summary_large_image","twitter_misc":{"Estimated reading time":"1 minute"},"schema":{"@context":"https:\/\/schema.org","@graph":[{"@type":"WebPage","@id":"https:\/\/frenvi.eu\/product\/tasty-sporky\/","url":"https:\/\/frenvi.eu\/product\/tasty-sporky\/","name":"Tasty Sporky - Frenvi - Redefining Sustainability","isPartOf":{"@id":"https:\/\/frenvi.eu\/#website"},"primaryImageOfPage":{"@id":"https:\/\/frenvi.eu\/product\/tasty-sporky\/#primaryimage"},"image":{"@id":"https:\/\/frenvi.eu\/product\/tasty-sporky\/#primaryimage"},"thumbnailUrl":"https:\/\/frenvi.eu\/wp-content\/uploads\/2024\/06\/sporky.png","datePublished":"2024-07-19T07:48:14+00:00","dateModified":"2026-05-01T11:41:53+00:00","breadcrumb":{"@id":"https:\/\/frenvi.eu\/product\/tasty-sporky\/#breadcrumb"},"inLanguage":"en-GB","potentialAction":[{"@type":"ReadAction","target":["https:\/\/frenvi.eu\/product\/tasty-sporky\/"]}]},{"@type":"ImageObject","inLanguage":"en-GB","@id":"https:\/\/frenvi.eu\/product\/tasty-sporky\/#primaryimage","url":"https:\/\/frenvi.eu\/wp-content\/uploads\/2024\/06\/sporky.png","contentUrl":"https:\/\/frenvi.eu\/wp-content\/uploads\/2024\/06\/sporky.png","width":734,"height":1104},{"@type":"BreadcrumbList","@id":"https:\/\/frenvi.eu\/product\/tasty-sporky\/#breadcrumb","itemListElement":[{"@type":"ListItem","position":1,"name":"Home","item":"https:\/\/frenvi.eu\/"},{"@type":"ListItem","position":2,"name":"Shop","item":"https:\/\/frenvi.eu\/shop\/"},{"@type":"ListItem","position":3,"name":"Tasty Sporky"}]},{"@type":"WebSite","@id":"https:\/\/frenvi.eu\/#website","url":"https:\/\/frenvi.eu\/","name":"Frenvi - Redefining Sustainability","description":"","potentialAction":[{"@type":"SearchAction","target":{"@type":"EntryPoint","urlTemplate":"https:\/\/frenvi.eu\/?s={search_term_string}"},"query-input":{"@type":"PropertyValueSpecification","valueRequired":true,"valueName":"search_term_string"}}],"inLanguage":"en-GB"}]}},"_links":{"self":[{"href":"https:\/\/frenvi.eu\/en\/wp-json\/wp\/v2\/product\/1444","targetHints":{"allow":["GET"]}}],"collection":[{"href":"https:\/\/frenvi.eu\/en\/wp-json\/wp\/v2\/product"}],"about":[{"href":"https:\/\/frenvi.eu\/en\/wp-json\/wp\/v2\/types\/product"}],"replies":[{"embeddable":true,"href":"https:\/\/frenvi.eu\/en\/wp-json\/wp\/v2\/comments?post=1444"}],"wp:featuredmedia":[{"embeddable":true,"href":"https:\/\/frenvi.eu\/en\/wp-json\/wp\/v2\/media\/1157"}],"wp:attachment":[{"href":"https:\/\/frenvi.eu\/en\/wp-json\/wp\/v2\/media?parent=1444"}],"wp:term":[{"taxonomy":"product_brand","embeddable":true,"href":"https:\/\/frenvi.eu\/en\/wp-json\/wp\/v2\/product_brand?post=1444"},{"taxonomy":"product_cat","embeddable":true,"href":"https:\/\/frenvi.eu\/en\/wp-json\/wp\/v2\/product_cat?post=1444"},{"taxonomy":"product_tag","embeddable":true,"href":"https:\/\/frenvi.eu\/en\/wp-json\/wp\/v2\/product_tag?post=1444"}],"curies":[{"name":"wp","href":"https:\/\/api.w.org\/{rel}","templated":true}]}}