{"id":1440,"date":"2024-07-18T07:54:41","date_gmt":"2024-07-18T07:54:41","guid":{"rendered":"https:\/\/frenvi.eu\/product\/tasty-pixy\/"},"modified":"2026-03-19T13:12:26","modified_gmt":"2026-03-19T13:12:26","slug":"tasty-pixy","status":"publish","type":"product","link":"https:\/\/frenvi.eu\/en\/product\/tasty-pixy\/","title":{"rendered":"Tasty Pixy"},"content":{"rendered":"","protected":false},"excerpt":{"rendered":"<p><img decoding=\"async\" class=\"alignnone wp-image-582\" src=\"https:\/\/frenvi.eu\/wp-content\/uploads\/2024\/06\/gmovegan.png\" alt=\"\" width=\"128\" height=\"63\" srcset=\"https:\/\/frenvi.eu\/wp-content\/uploads\/2024\/06\/gmovegan.png 286w, https:\/\/frenvi.eu\/wp-content\/uploads\/2024\/06\/gmovegan-150x74.png 150w\" sizes=\"(max-width: 128px) 100vw, 128px\" \/><br \/>\nUnique in its shape and delicate in taste, our edible Tasty Pixy allows you to enjoy your favorite foods in a completely new way. Add a personal touch to your snacks and appetizers while at the same time you will fall in love with the irresistible taste of our Pixy.<\/p>\n<p>Free from unnecessary waste, you can make your dining experience sustainable.<\/p>\n<p><strong>Areas of application:<\/strong> French fries, onion rings, skewers, sausages, fruits, vegetables and much more.<\/p>\n<p><strong>Size: 85x15x3mm<\/strong><br \/>\n<strong>Weight: 3.4g<\/strong><\/p>\n<p>In use, the taste of the food is not affected with the flavours of the spoons. The delicious flavour of the spoon unfolds only when its chewed or eaten.<\/p>\n<p><strong>Storage: <\/strong>Store your cutlery in a cool, dry place. Once opened, store in an airtight container to preserve crispiness and maximise shelf life.<strong><br \/>\n<\/strong><\/p>\n<p><strong>Shelf Life:<\/strong> 18 months<\/p>\n<p><strong>Certified in Accordance with:<\/strong><br \/>\nISO 22000 | FSSC 22000 | FSSAI |FDA | BRC | SGS | HALAL | KOSHER |<br \/>\nDECLARATION OF CONFORMITY | COA PRODUCT SPECIFICATIONS<\/p>\n<p><strong>Aroma: Ketchup<\/strong><br \/>\n<strong>30 pcs \/set\u00a0<\/strong><\/p>","protected":false},"featured_media":1161,"comment_status":"open","ping_status":"closed","template":"","meta":{"_acf_changed":false,"iawp_total_views":57},"product_brand":[],"product_cat":[45,44],"product_tag":[],"class_list":{"0":"post-1440","1":"product","2":"type-product","3":"status-publish","4":"has-post-thumbnail","6":"product_cat-eatlery-2","7":"product_cat-tacamuri-2","9":"first","10":"instock","11":"shipping-taxable","12":"purchasable","13":"product-type-simple"},"acf":[],"yoast_head":"<!-- This site is optimized with the Yoast SEO plugin v26.9 - https:\/\/yoast.com\/product\/yoast-seo-wordpress\/ -->\n<title>Tasty Pixy - Frenvi - Redefining Sustainability<\/title>\n<meta name=\"robots\" content=\"index, follow, max-snippet:-1, max-image-preview:large, max-video-preview:-1\" \/>\n<link rel=\"canonical\" href=\"https:\/\/frenvi.eu\/en\/product\/tasty-pixy\/\" \/>\n<meta property=\"og:locale\" content=\"en_GB\" \/>\n<meta property=\"og:type\" content=\"article\" \/>\n<meta property=\"og:title\" content=\"Tasty Pixy - Frenvi - Redefining Sustainability\" \/>\n<meta property=\"og:description\" content=\"Unic \u00een form\u0103 \u0219i delicat la gust, Tasty Pixy v\u0103 permite s\u0103 v\u0103 bucura\u021bi de alimentele preferate \u00eentr-un mod complet nou. Adaug\u0103 o not\u0103 personal\u0103 gust\u0103rilor \u0219i aperitivelor tale, \u00een acela\u0219i timp, te vei \u00eendr\u0103gosti de gustul irezistibil al tacamului nostru.  F\u0103r\u0103 de\u0219euri inutile, v\u0103 pute\u021bi face experien\u021ba culinar\u0103 sustenabila.  Domenii de aplicare: cartofi prajiti, rondele de ceapa, frigarui, carnati, fructe, legume si multe altele.  Dimensiune: 85x15x3mm Greutate: 3.4g  \u00cen utilizare, gustul alimentelor nu este afectat de aroma tacamului. Savoarea delicioas\u0103 a tacamului se simte numai atunci c\u00e2nd este mestecat sau m\u00e2ncat.  Depozitare: P\u0103stra\u021bi tac\u00e2murile \u00eentr-un loc r\u0103coros \u0219i uscat. Odat\u0103 deschis ambalajul, depozita\u021bi \u00eentr-un recipient ermetic pentru a p\u0103stra gustul crocant \u0219i pentru a maximiza durata de valabilitate.   Perioad\u0103 de valabilitate: 18 luni  Certificat in conformitate cu: ISO 22000 | FSSC 22000 | FSSAI |FDA | BRC | SGS | HALAL | KOSHER | DECLARA\u021aIE DE CONFORMITATE | SPECIFICA\u021aII PRODUS COA  Aroma: Ketchup 30 buc \/set\u00a0\" \/>\n<meta property=\"og:url\" content=\"https:\/\/frenvi.eu\/en\/product\/tasty-pixy\/\" \/>\n<meta property=\"og:site_name\" content=\"Frenvi - Redefining Sustainability\" \/>\n<meta property=\"article:modified_time\" content=\"2026-03-19T13:12:26+00:00\" \/>\n<meta property=\"og:image\" content=\"https:\/\/frenvi.eu\/wp-content\/uploads\/2024\/06\/pixy.png\" \/>\n\t<meta property=\"og:image:width\" content=\"734\" \/>\n\t<meta property=\"og:image:height\" content=\"1104\" \/>\n\t<meta property=\"og:image:type\" content=\"image\/png\" \/>\n<meta name=\"twitter:card\" content=\"summary_large_image\" \/>\n<meta name=\"twitter:label1\" content=\"Estimated reading time\" \/>\n\t<meta name=\"twitter:data1\" content=\"1 minute\" \/>\n<script type=\"application\/ld+json\" class=\"yoast-schema-graph\">{\"@context\":\"https:\/\/schema.org\",\"@graph\":[{\"@type\":\"WebPage\",\"@id\":\"https:\/\/frenvi.eu\/product\/tasty-pixy\/\",\"url\":\"https:\/\/frenvi.eu\/product\/tasty-pixy\/\",\"name\":\"Tasty Pixy - Frenvi - Redefining Sustainability\",\"isPartOf\":{\"@id\":\"https:\/\/frenvi.eu\/#website\"},\"primaryImageOfPage\":{\"@id\":\"https:\/\/frenvi.eu\/product\/tasty-pixy\/#primaryimage\"},\"image\":{\"@id\":\"https:\/\/frenvi.eu\/product\/tasty-pixy\/#primaryimage\"},\"thumbnailUrl\":\"https:\/\/frenvi.eu\/wp-content\/uploads\/2024\/06\/pixy.png\",\"datePublished\":\"2024-07-18T07:54:41+00:00\",\"dateModified\":\"2026-03-19T13:12:26+00:00\",\"breadcrumb\":{\"@id\":\"https:\/\/frenvi.eu\/product\/tasty-pixy\/#breadcrumb\"},\"inLanguage\":\"en-GB\",\"potentialAction\":[{\"@type\":\"ReadAction\",\"target\":[\"https:\/\/frenvi.eu\/product\/tasty-pixy\/\"]}]},{\"@type\":\"ImageObject\",\"inLanguage\":\"en-GB\",\"@id\":\"https:\/\/frenvi.eu\/product\/tasty-pixy\/#primaryimage\",\"url\":\"https:\/\/frenvi.eu\/wp-content\/uploads\/2024\/06\/pixy.png\",\"contentUrl\":\"https:\/\/frenvi.eu\/wp-content\/uploads\/2024\/06\/pixy.png\",\"width\":734,\"height\":1104},{\"@type\":\"BreadcrumbList\",\"@id\":\"https:\/\/frenvi.eu\/product\/tasty-pixy\/#breadcrumb\",\"itemListElement\":[{\"@type\":\"ListItem\",\"position\":1,\"name\":\"Home\",\"item\":\"https:\/\/frenvi.eu\/\"},{\"@type\":\"ListItem\",\"position\":2,\"name\":\"Shop\",\"item\":\"https:\/\/frenvi.eu\/shop\/\"},{\"@type\":\"ListItem\",\"position\":3,\"name\":\"Tasty Pixy\"}]},{\"@type\":\"WebSite\",\"@id\":\"https:\/\/frenvi.eu\/#website\",\"url\":\"https:\/\/frenvi.eu\/\",\"name\":\"Frenvi - Redefining Sustainability\",\"description\":\"\",\"potentialAction\":[{\"@type\":\"SearchAction\",\"target\":{\"@type\":\"EntryPoint\",\"urlTemplate\":\"https:\/\/frenvi.eu\/?s={search_term_string}\"},\"query-input\":{\"@type\":\"PropertyValueSpecification\",\"valueRequired\":true,\"valueName\":\"search_term_string\"}}],\"inLanguage\":\"en-GB\"}]}<\/script>\n<!-- \/ Yoast SEO plugin. -->","yoast_head_json":{"title":"Tasty Pixy - Frenvi - Redefining Sustainability","robots":{"index":"index","follow":"follow","max-snippet":"max-snippet:-1","max-image-preview":"max-image-preview:large","max-video-preview":"max-video-preview:-1"},"canonical":"https:\/\/frenvi.eu\/en\/product\/tasty-pixy\/","og_locale":"en_GB","og_type":"article","og_title":"Tasty Pixy - Frenvi - Redefining Sustainability","og_description":"Unic \u00een form\u0103 \u0219i delicat la gust, Tasty Pixy v\u0103 permite s\u0103 v\u0103 bucura\u021bi de alimentele preferate \u00eentr-un mod complet nou. Adaug\u0103 o not\u0103 personal\u0103 gust\u0103rilor \u0219i aperitivelor tale, \u00een acela\u0219i timp, te vei \u00eendr\u0103gosti de gustul irezistibil al tacamului nostru.  F\u0103r\u0103 de\u0219euri inutile, v\u0103 pute\u021bi face experien\u021ba culinar\u0103 sustenabila.  Domenii de aplicare: cartofi prajiti, rondele de ceapa, frigarui, carnati, fructe, legume si multe altele.  Dimensiune: 85x15x3mm Greutate: 3.4g  \u00cen utilizare, gustul alimentelor nu este afectat de aroma tacamului. Savoarea delicioas\u0103 a tacamului se simte numai atunci c\u00e2nd este mestecat sau m\u00e2ncat.  Depozitare: P\u0103stra\u021bi tac\u00e2murile \u00eentr-un loc r\u0103coros \u0219i uscat. Odat\u0103 deschis ambalajul, depozita\u021bi \u00eentr-un recipient ermetic pentru a p\u0103stra gustul crocant \u0219i pentru a maximiza durata de valabilitate.   Perioad\u0103 de valabilitate: 18 luni  Certificat in conformitate cu: ISO 22000 | FSSC 22000 | FSSAI |FDA | BRC | SGS | HALAL | KOSHER | DECLARA\u021aIE DE CONFORMITATE | SPECIFICA\u021aII PRODUS COA  Aroma: Ketchup 30 buc \/set\u00a0","og_url":"https:\/\/frenvi.eu\/en\/product\/tasty-pixy\/","og_site_name":"Frenvi - Redefining Sustainability","article_modified_time":"2026-03-19T13:12:26+00:00","og_image":[{"width":734,"height":1104,"url":"https:\/\/frenvi.eu\/wp-content\/uploads\/2024\/06\/pixy.png","type":"image\/png"}],"twitter_card":"summary_large_image","twitter_misc":{"Estimated reading time":"1 minute"},"schema":{"@context":"https:\/\/schema.org","@graph":[{"@type":"WebPage","@id":"https:\/\/frenvi.eu\/product\/tasty-pixy\/","url":"https:\/\/frenvi.eu\/product\/tasty-pixy\/","name":"Tasty Pixy - Frenvi - Redefining Sustainability","isPartOf":{"@id":"https:\/\/frenvi.eu\/#website"},"primaryImageOfPage":{"@id":"https:\/\/frenvi.eu\/product\/tasty-pixy\/#primaryimage"},"image":{"@id":"https:\/\/frenvi.eu\/product\/tasty-pixy\/#primaryimage"},"thumbnailUrl":"https:\/\/frenvi.eu\/wp-content\/uploads\/2024\/06\/pixy.png","datePublished":"2024-07-18T07:54:41+00:00","dateModified":"2026-03-19T13:12:26+00:00","breadcrumb":{"@id":"https:\/\/frenvi.eu\/product\/tasty-pixy\/#breadcrumb"},"inLanguage":"en-GB","potentialAction":[{"@type":"ReadAction","target":["https:\/\/frenvi.eu\/product\/tasty-pixy\/"]}]},{"@type":"ImageObject","inLanguage":"en-GB","@id":"https:\/\/frenvi.eu\/product\/tasty-pixy\/#primaryimage","url":"https:\/\/frenvi.eu\/wp-content\/uploads\/2024\/06\/pixy.png","contentUrl":"https:\/\/frenvi.eu\/wp-content\/uploads\/2024\/06\/pixy.png","width":734,"height":1104},{"@type":"BreadcrumbList","@id":"https:\/\/frenvi.eu\/product\/tasty-pixy\/#breadcrumb","itemListElement":[{"@type":"ListItem","position":1,"name":"Home","item":"https:\/\/frenvi.eu\/"},{"@type":"ListItem","position":2,"name":"Shop","item":"https:\/\/frenvi.eu\/shop\/"},{"@type":"ListItem","position":3,"name":"Tasty Pixy"}]},{"@type":"WebSite","@id":"https:\/\/frenvi.eu\/#website","url":"https:\/\/frenvi.eu\/","name":"Frenvi - Redefining Sustainability","description":"","potentialAction":[{"@type":"SearchAction","target":{"@type":"EntryPoint","urlTemplate":"https:\/\/frenvi.eu\/?s={search_term_string}"},"query-input":{"@type":"PropertyValueSpecification","valueRequired":true,"valueName":"search_term_string"}}],"inLanguage":"en-GB"}]}},"_links":{"self":[{"href":"https:\/\/frenvi.eu\/en\/wp-json\/wp\/v2\/product\/1440","targetHints":{"allow":["GET"]}}],"collection":[{"href":"https:\/\/frenvi.eu\/en\/wp-json\/wp\/v2\/product"}],"about":[{"href":"https:\/\/frenvi.eu\/en\/wp-json\/wp\/v2\/types\/product"}],"replies":[{"embeddable":true,"href":"https:\/\/frenvi.eu\/en\/wp-json\/wp\/v2\/comments?post=1440"}],"wp:featuredmedia":[{"embeddable":true,"href":"https:\/\/frenvi.eu\/en\/wp-json\/wp\/v2\/media\/1161"}],"wp:attachment":[{"href":"https:\/\/frenvi.eu\/en\/wp-json\/wp\/v2\/media?parent=1440"}],"wp:term":[{"taxonomy":"product_brand","embeddable":true,"href":"https:\/\/frenvi.eu\/en\/wp-json\/wp\/v2\/product_brand?post=1440"},{"taxonomy":"product_cat","embeddable":true,"href":"https:\/\/frenvi.eu\/en\/wp-json\/wp\/v2\/product_cat?post=1440"},{"taxonomy":"product_tag","embeddable":true,"href":"https:\/\/frenvi.eu\/en\/wp-json\/wp\/v2\/product_tag?post=1440"}],"curies":[{"name":"wp","href":"https:\/\/api.w.org\/{rel}","templated":true}]}}