{"id":1437,"date":"2024-07-17T07:59:29","date_gmt":"2024-07-17T07:59:29","guid":{"rendered":"https:\/\/frenvi.eu\/product\/tasty-stirry\/"},"modified":"2026-03-19T13:12:39","modified_gmt":"2026-03-19T13:12:39","slug":"tasty-stirry","status":"publish","type":"product","link":"https:\/\/frenvi.eu\/en\/product\/tasty-stirry\/","title":{"rendered":"Tasty Stirry"},"content":{"rendered":"","protected":false},"excerpt":{"rendered":"<p><img decoding=\"async\" class=\"alignnone wp-image-582\" src=\"https:\/\/frenvi.eu\/wp-content\/uploads\/2024\/06\/gmovegan.png\" alt=\"\" width=\"128\" height=\"63\" srcset=\"https:\/\/frenvi.eu\/wp-content\/uploads\/2024\/06\/gmovegan.png 286w, https:\/\/frenvi.eu\/wp-content\/uploads\/2024\/06\/gmovegan-150x74.png 150w\" sizes=\"(max-width: 128px) 100vw, 128px\" \/><br \/>\nThe Tasty Stirry completes your perfect coffee as a highlight and bonus coffee biscuit of every day. Happy customers, affordable prices, no annoying wood taste.<\/p>\n<p>Also, in the catering industry for small cupcakes and snacks. It doesn\u2019t cause any discomfort as the woody taste.<\/p>\n<p>Perfect for coffee, whether on-site or to-go, small snacks and more.<\/p>\n<p><strong>Size: 100x10x3mm<\/strong><br \/>\n<strong>Weight: 3.4g<\/strong><\/p>\n<p>In use, the taste of the food is not affected with the flavours of the spoons. The delicious flavour of the spoon unfolds only when its chewed or eaten.<\/p>\n<p><strong>Storage: <\/strong>Store your cutlery in a cool, dry place. Once opened, store in an airtight container to preserve crispiness and maximise shelf life.<strong><br \/>\n<\/strong><\/p>\n<p><strong>Shelf Life:<\/strong> 18 months<\/p>\n<p><strong>Certified in Accordance with:<\/strong><br \/>\nISO 22000 | FSSAI | | FSSC 22000 | FDA | BRC | SGS HALAL | KOSHER |<br \/>\nDECLARATION OF CONFORMITY | COA PRODUCT SPECIFICATIONS<\/p>\n<p><strong>30 pcs \/set<\/strong><\/p>","protected":false},"featured_media":1162,"comment_status":"open","ping_status":"closed","template":"","meta":{"_acf_changed":false,"iawp_total_views":80},"product_brand":[],"product_cat":[45,44],"product_tag":[],"class_list":{"0":"post-1437","1":"product","2":"type-product","3":"status-publish","4":"has-post-thumbnail","6":"product_cat-eatlery-2","7":"product_cat-tacamuri-2","9":"first","10":"instock","11":"shipping-taxable","12":"purchasable","13":"product-type-variable"},"acf":[],"yoast_head":"<!-- This site is optimized with the Yoast SEO plugin v26.9 - https:\/\/yoast.com\/product\/yoast-seo-wordpress\/ -->\n<title>Tasty Stirry - Frenvi - Redefining Sustainability<\/title>\n<meta name=\"robots\" content=\"index, follow, max-snippet:-1, max-image-preview:large, max-video-preview:-1\" \/>\n<link rel=\"canonical\" href=\"https:\/\/frenvi.eu\/en\/product\/tasty-stirry\/\" \/>\n<meta property=\"og:locale\" content=\"en_GB\" \/>\n<meta property=\"og:type\" content=\"article\" \/>\n<meta property=\"og:title\" content=\"Tasty Stirry - Frenvi - Redefining Sustainability\" \/>\n<meta property=\"og:description\" content=\"Tasty Stirry completeaz\u0103 perfect cafeaua dvs. din fiecare zi cu un biscuit bonus. Clien\u021bi ferici\u021bi, pre\u021buri accesibile, f\u0103r\u0103 gust enervant de lemn.  De asemenea, ideala \u00een industria de catering pentru mici cupcakes \u0219i gust\u0103ri. Nu creeaza niciun disconfort precum gustul lemnos al linguritelor.  Perfect pentru cafea, fie la fa\u021ba locului, fie la pachet, gust\u0103ri mici \u0219i multe altele.  Dimensiune: 100x10x3mm Greutate: 3.4g  \u00cen utilizare, gustul alimentelor nu este afectat de aroma tacamului. Savoarea delicioas\u0103 a tacamului se simte numai atunci c\u00e2nd este mestecat sau m\u00e2ncat.  Depozitare: P\u0103stra\u021bi tac\u00e2murile \u00eentr-un loc r\u0103coros \u0219i uscat. Odat\u0103 deschis ambalajul, depozita\u021bi \u00eentr-un recipient ermetic pentru a p\u0103stra gustul crocant \u0219i pentru a maximiza durata de valabilitate.   Perioad\u0103 de valabilitate: 18 luni  Certificat in conformitate cu: ISO 22000 | FSSAI | | FSSC 22000 | FDA | BRC | SGS HALAL | KOSHER | DECLARA\u021aIE DE CONFORMITATE | SPECIFICA\u021aII PRODUS COA  30 buc \/set\" \/>\n<meta property=\"og:url\" content=\"https:\/\/frenvi.eu\/en\/product\/tasty-stirry\/\" \/>\n<meta property=\"og:site_name\" content=\"Frenvi - Redefining Sustainability\" \/>\n<meta property=\"article:modified_time\" content=\"2026-03-19T13:12:39+00:00\" \/>\n<meta property=\"og:image\" content=\"https:\/\/frenvi.eu\/wp-content\/uploads\/2024\/06\/stirry.png\" \/>\n\t<meta property=\"og:image:width\" content=\"734\" \/>\n\t<meta property=\"og:image:height\" content=\"1104\" \/>\n\t<meta property=\"og:image:type\" content=\"image\/png\" \/>\n<meta name=\"twitter:card\" content=\"summary_large_image\" \/>\n<meta name=\"twitter:label1\" content=\"Estimated reading time\" \/>\n\t<meta name=\"twitter:data1\" content=\"1 minute\" \/>\n<script type=\"application\/ld+json\" class=\"yoast-schema-graph\">{\"@context\":\"https:\/\/schema.org\",\"@graph\":[{\"@type\":\"WebPage\",\"@id\":\"https:\/\/frenvi.eu\/product\/tasty-stirry\/\",\"url\":\"https:\/\/frenvi.eu\/product\/tasty-stirry\/\",\"name\":\"Tasty Stirry - Frenvi - Redefining Sustainability\",\"isPartOf\":{\"@id\":\"https:\/\/frenvi.eu\/#website\"},\"primaryImageOfPage\":{\"@id\":\"https:\/\/frenvi.eu\/product\/tasty-stirry\/#primaryimage\"},\"image\":{\"@id\":\"https:\/\/frenvi.eu\/product\/tasty-stirry\/#primaryimage\"},\"thumbnailUrl\":\"https:\/\/frenvi.eu\/wp-content\/uploads\/2024\/06\/stirry.png\",\"datePublished\":\"2024-07-17T07:59:29+00:00\",\"dateModified\":\"2026-03-19T13:12:39+00:00\",\"breadcrumb\":{\"@id\":\"https:\/\/frenvi.eu\/product\/tasty-stirry\/#breadcrumb\"},\"inLanguage\":\"en-GB\",\"potentialAction\":[{\"@type\":\"ReadAction\",\"target\":[\"https:\/\/frenvi.eu\/product\/tasty-stirry\/\"]}]},{\"@type\":\"ImageObject\",\"inLanguage\":\"en-GB\",\"@id\":\"https:\/\/frenvi.eu\/product\/tasty-stirry\/#primaryimage\",\"url\":\"https:\/\/frenvi.eu\/wp-content\/uploads\/2024\/06\/stirry.png\",\"contentUrl\":\"https:\/\/frenvi.eu\/wp-content\/uploads\/2024\/06\/stirry.png\",\"width\":734,\"height\":1104},{\"@type\":\"BreadcrumbList\",\"@id\":\"https:\/\/frenvi.eu\/product\/tasty-stirry\/#breadcrumb\",\"itemListElement\":[{\"@type\":\"ListItem\",\"position\":1,\"name\":\"Home\",\"item\":\"https:\/\/frenvi.eu\/\"},{\"@type\":\"ListItem\",\"position\":2,\"name\":\"Shop\",\"item\":\"https:\/\/frenvi.eu\/shop\/\"},{\"@type\":\"ListItem\",\"position\":3,\"name\":\"Tasty Stirry\"}]},{\"@type\":\"WebSite\",\"@id\":\"https:\/\/frenvi.eu\/#website\",\"url\":\"https:\/\/frenvi.eu\/\",\"name\":\"Frenvi - Redefining Sustainability\",\"description\":\"\",\"potentialAction\":[{\"@type\":\"SearchAction\",\"target\":{\"@type\":\"EntryPoint\",\"urlTemplate\":\"https:\/\/frenvi.eu\/?s={search_term_string}\"},\"query-input\":{\"@type\":\"PropertyValueSpecification\",\"valueRequired\":true,\"valueName\":\"search_term_string\"}}],\"inLanguage\":\"en-GB\"}]}<\/script>\n<!-- \/ Yoast SEO plugin. -->","yoast_head_json":{"title":"Tasty Stirry - Frenvi - Redefining Sustainability","robots":{"index":"index","follow":"follow","max-snippet":"max-snippet:-1","max-image-preview":"max-image-preview:large","max-video-preview":"max-video-preview:-1"},"canonical":"https:\/\/frenvi.eu\/en\/product\/tasty-stirry\/","og_locale":"en_GB","og_type":"article","og_title":"Tasty Stirry - Frenvi - Redefining Sustainability","og_description":"Tasty Stirry completeaz\u0103 perfect cafeaua dvs. din fiecare zi cu un biscuit bonus. Clien\u021bi ferici\u021bi, pre\u021buri accesibile, f\u0103r\u0103 gust enervant de lemn.  De asemenea, ideala \u00een industria de catering pentru mici cupcakes \u0219i gust\u0103ri. Nu creeaza niciun disconfort precum gustul lemnos al linguritelor.  Perfect pentru cafea, fie la fa\u021ba locului, fie la pachet, gust\u0103ri mici \u0219i multe altele.  Dimensiune: 100x10x3mm Greutate: 3.4g  \u00cen utilizare, gustul alimentelor nu este afectat de aroma tacamului. Savoarea delicioas\u0103 a tacamului se simte numai atunci c\u00e2nd este mestecat sau m\u00e2ncat.  Depozitare: P\u0103stra\u021bi tac\u00e2murile \u00eentr-un loc r\u0103coros \u0219i uscat. Odat\u0103 deschis ambalajul, depozita\u021bi \u00eentr-un recipient ermetic pentru a p\u0103stra gustul crocant \u0219i pentru a maximiza durata de valabilitate.   Perioad\u0103 de valabilitate: 18 luni  Certificat in conformitate cu: ISO 22000 | FSSAI | | FSSC 22000 | FDA | BRC | SGS HALAL | KOSHER | DECLARA\u021aIE DE CONFORMITATE | SPECIFICA\u021aII PRODUS COA  30 buc \/set","og_url":"https:\/\/frenvi.eu\/en\/product\/tasty-stirry\/","og_site_name":"Frenvi - Redefining Sustainability","article_modified_time":"2026-03-19T13:12:39+00:00","og_image":[{"width":734,"height":1104,"url":"https:\/\/frenvi.eu\/wp-content\/uploads\/2024\/06\/stirry.png","type":"image\/png"}],"twitter_card":"summary_large_image","twitter_misc":{"Estimated reading time":"1 minute"},"schema":{"@context":"https:\/\/schema.org","@graph":[{"@type":"WebPage","@id":"https:\/\/frenvi.eu\/product\/tasty-stirry\/","url":"https:\/\/frenvi.eu\/product\/tasty-stirry\/","name":"Tasty Stirry - Frenvi - Redefining Sustainability","isPartOf":{"@id":"https:\/\/frenvi.eu\/#website"},"primaryImageOfPage":{"@id":"https:\/\/frenvi.eu\/product\/tasty-stirry\/#primaryimage"},"image":{"@id":"https:\/\/frenvi.eu\/product\/tasty-stirry\/#primaryimage"},"thumbnailUrl":"https:\/\/frenvi.eu\/wp-content\/uploads\/2024\/06\/stirry.png","datePublished":"2024-07-17T07:59:29+00:00","dateModified":"2026-03-19T13:12:39+00:00","breadcrumb":{"@id":"https:\/\/frenvi.eu\/product\/tasty-stirry\/#breadcrumb"},"inLanguage":"en-GB","potentialAction":[{"@type":"ReadAction","target":["https:\/\/frenvi.eu\/product\/tasty-stirry\/"]}]},{"@type":"ImageObject","inLanguage":"en-GB","@id":"https:\/\/frenvi.eu\/product\/tasty-stirry\/#primaryimage","url":"https:\/\/frenvi.eu\/wp-content\/uploads\/2024\/06\/stirry.png","contentUrl":"https:\/\/frenvi.eu\/wp-content\/uploads\/2024\/06\/stirry.png","width":734,"height":1104},{"@type":"BreadcrumbList","@id":"https:\/\/frenvi.eu\/product\/tasty-stirry\/#breadcrumb","itemListElement":[{"@type":"ListItem","position":1,"name":"Home","item":"https:\/\/frenvi.eu\/"},{"@type":"ListItem","position":2,"name":"Shop","item":"https:\/\/frenvi.eu\/shop\/"},{"@type":"ListItem","position":3,"name":"Tasty Stirry"}]},{"@type":"WebSite","@id":"https:\/\/frenvi.eu\/#website","url":"https:\/\/frenvi.eu\/","name":"Frenvi - Redefining Sustainability","description":"","potentialAction":[{"@type":"SearchAction","target":{"@type":"EntryPoint","urlTemplate":"https:\/\/frenvi.eu\/?s={search_term_string}"},"query-input":{"@type":"PropertyValueSpecification","valueRequired":true,"valueName":"search_term_string"}}],"inLanguage":"en-GB"}]}},"_links":{"self":[{"href":"https:\/\/frenvi.eu\/en\/wp-json\/wp\/v2\/product\/1437","targetHints":{"allow":["GET"]}}],"collection":[{"href":"https:\/\/frenvi.eu\/en\/wp-json\/wp\/v2\/product"}],"about":[{"href":"https:\/\/frenvi.eu\/en\/wp-json\/wp\/v2\/types\/product"}],"replies":[{"embeddable":true,"href":"https:\/\/frenvi.eu\/en\/wp-json\/wp\/v2\/comments?post=1437"}],"wp:featuredmedia":[{"embeddable":true,"href":"https:\/\/frenvi.eu\/en\/wp-json\/wp\/v2\/media\/1162"}],"wp:attachment":[{"href":"https:\/\/frenvi.eu\/en\/wp-json\/wp\/v2\/media?parent=1437"}],"wp:term":[{"taxonomy":"product_brand","embeddable":true,"href":"https:\/\/frenvi.eu\/en\/wp-json\/wp\/v2\/product_brand?post=1437"},{"taxonomy":"product_cat","embeddable":true,"href":"https:\/\/frenvi.eu\/en\/wp-json\/wp\/v2\/product_cat?post=1437"},{"taxonomy":"product_tag","embeddable":true,"href":"https:\/\/frenvi.eu\/en\/wp-json\/wp\/v2\/product_tag?post=1437"}],"curies":[{"name":"wp","href":"https:\/\/api.w.org\/{rel}","templated":true}]}}