{"id":1433,"date":"2025-04-12T08:26:44","date_gmt":"2025-04-12T08:26:44","guid":{"rendered":"https:\/\/frenvi.eu\/product\/small-glass\/"},"modified":"2026-03-19T13:27:33","modified_gmt":"2026-03-19T13:27:33","slug":"small-glass","status":"publish","type":"product","link":"https:\/\/frenvi.eu\/en\/product\/small-glass\/","title":{"rendered":"Glass of tea or espresso"},"content":{"rendered":"","protected":false},"excerpt":{"rendered":"<p>Ideea noastra de a-ti servi bautura, Cutting-chai dar nu intr-un pahar de sticla ci intr-un pahar fabricat din resurse reutilizabile. Bucura\u021bi-v\u0103 de b\u0103utura preferat\u0103 \u00een acest pahar clasic care induce nostalgie. Sun\u0103-\u021bi prietenii, cu c\u00e2t mai mul\u021bi, cu at\u00e2t mai bine.<\/p>\n<p>Aceste alegeri contribuie semnificativ la efortul global de a reface planeta noastra. Prin prioritizarea sustenabilitatii in spatiile noastre de locuit, de la vasele pentru baut pana la sistemele mai mari din casa, ne alaturam unei miscari colective care promoveaza schimbari pozitive pentru mediu. Fiecare inghititura din setul tau sustenabil de pahare pentru ceai serveste drept amintire a angajamentului tau pentru un viitor mai verde, facand din ritualurile tale zilnice o parte din solutie.<\/p>\n<p>Made from recycled biocomposites.<br \/>\nOur products are carefully crafted using high-quality biocomposites derived from responsibly collected agricultural waste \u2014 including bamboo fibers, rice husks, coffee husks, rice straw, and blended with food-grade polypropylene (PP).<br \/>\nBy reusing these agricultural residues, we give new life to natural materials that would otherwise have been wasted. Combined with polypropylene for added durability, each product is designed to be strong, safe and reusable, reducing environmental impact from production to end of life.<br \/>\n<strong>Sustainable by design. Circular by intention.<\/strong><\/p>\n<p><strong>New technology<\/strong>\u00a0\u2013 Manufactured using our proprietary biocomposite technology, these cups offer excellent durability. They are a great alternative to plastic, glass, or ceramic cups.<br \/>\n<strong>Safe for food contact<\/strong>\u00a0\u2013 Free from harmful substances such as BPA, formaldehyde, or melamine. No toxic chemicals are used in the manufacturing process. They are dishwasher-safe and microwave-safe for quick reheating.<br \/>\n<strong>Community-friendly<\/strong>\u00a0\u2013 From collecting agricultural residues to manufacturing the products, we create value for farmers and factories involved in developing rural communities. No toxic substances are used or released during the production of these cups.<br \/>\nPrietenos cu mediul \u2013 Realizate din fibre de bambus refolosite, coaja de orez si lianti siguri pentru contactul cu alimentele. Pot fi reciclate la finalul utilizarii, sustinand economia circulara de la design pana la eliminare. Astfel, contribuim la conservarea resurselor naturale ale planetei.<br \/>\n<strong>Environmentally friendly<\/strong>\u00a0\u2013 The bamboo and rice husk used retain biogenic carbon in these products. As a result, the carbon footprint is significantly reduced, supporting efforts against climate change.<br \/>\n<strong>Excellent utility<\/strong>\u00a0\u2013 These simple and essential glasses are created to accompany every meal. Serve water, juice or any hot or cold drink to friends and family in these natural glasses. Made from agricultural waste, in modern pastel shades, they will definitely bring a touch of style to your table. Show them off with pride!<br \/>\n<em>Due to the natural pigments used in the coloring process, slight color variations of the product may occur.<\/em><\/p>\n<div class=\"elementor-element elementor-element-43051f15 wd-single-short-desc text-left elementor-widget elementor-widget-wd_single_product_short_description\" data-id=\"43051f15\" data-element_type=\"widget\" data-widget_type=\"wd_single_product_short_description.default\">\n<div class=\"elementor-widget-container\">\n<div class=\"woocommerce-product-details__short-description\">\n<p><strong>Eco-conscious design<\/strong>t: Created for a planet-friendly lifestyle, using sustainable materials.<br \/>\n<strong>Natural composites<\/strong>: Made from sustainable blends of coffee husks, rice husks, bamboo fibers and more.<br \/>\n<strong>100% recyclable<\/strong>: Fully recyclable to reduce environmental impact.<br \/>\n<strong>Ultra durable and indestructible<\/strong>: Designed to withstand daily use without cracking or breaking.<br \/>\n<strong>Scratch-resistant finish<\/strong>: Maintains a clean and polished appearance over time.<br \/>\n<strong>Reduced carbon footprint<\/strong>: Minimizes CO2 emissions throughout the production cycle.<br \/>\n<strong>Ideal for gifts and travel<\/strong>: Stylish, practical and suitable for any occasion.<br \/>\n<strong>Dishwasher safe<\/strong>: Withstands up to 3,000 cycles without damage.<br \/>\n<strong>Safe and non-toxic<\/strong>: No formaldehyde, BPA, melamine or other harmful substances.<br \/>\n<strong>Microwave and freezer compatible:\u00a0<\/strong>Sigur pentru contactul cu alimentele; reincalzire rapida in microunde (sub 1 minut) si compatibil cu congelatorul.<br \/>\n<strong>Versatile and temperature resistant<\/strong>: Suitable for both hot and cold drinks.<br \/>\n<strong>Sustainable Choice<\/strong>: Helps reduce waste and ecological footprint.<br \/>\n<strong>Stylish variety<\/strong>: Available in several attractive colors and modern shapes.<br \/>\n<strong>Recommended for<\/strong>: Home, Office, Party, Travel, HoReCa<\/p>\n<p><strong>TUV certificate<\/strong>\u00a0for hot food and drinks, BPA-free<br \/>\nAccording to US and EU standards<\/p>\n<\/div>\n<\/div>\n<\/div>\n<p><strong>Dimension<\/strong>: 100 ml\u00a0 (3 oz) \/ 60 gms<\/p>\n<div class=\"elementor-element elementor-element-43051f15 wd-single-short-desc text-left elementor-widget elementor-widget-wd_single_product_short_description\" data-id=\"43051f15\" data-element_type=\"widget\" data-widget_type=\"wd_single_product_short_description.default\">\n<div class=\"elementor-widget-container\">\n<div class=\"woocommerce-product-details__short-description\">\n<p>&nbsp;<\/p>\n<\/div>\n<\/div>\n<\/div>\n<div class=\"elementor-element elementor-element-9a6cad8 color-scheme-inherit text-left elementor-widget elementor-widget-text-editor\" data-id=\"9a6cad8\" data-element_type=\"widget\" data-widget_type=\"text-editor.default\">\n<div class=\"elementor-widget-container\"><\/div>\n<\/div>","protected":false},"featured_media":3164,"comment_status":"open","ping_status":"closed","template":"","meta":{"_acf_changed":false,"iawp_total_views":73},"product_brand":[],"product_cat":[49,46],"product_tag":[],"class_list":{"0":"post-1433","1":"product","2":"type-product","3":"status-publish","4":"has-post-thumbnail","6":"product_cat-reuse-2","7":"product_cat-cani-2","9":"first","10":"instock","11":"shipping-taxable","12":"purchasable","13":"product-type-variable"},"acf":[],"yoast_head":"<!-- This site is optimized with the Yoast SEO plugin v26.9 - https:\/\/yoast.com\/product\/yoast-seo-wordpress\/ -->\n<title>Pahar de ceai sau espresso - Frenvi - Redefining Sustainability<\/title>\n<meta name=\"robots\" content=\"index, follow, max-snippet:-1, max-image-preview:large, max-video-preview:-1\" \/>\n<link rel=\"canonical\" href=\"https:\/\/frenvi.eu\/en\/product\/small-glass\/\" \/>\n<meta property=\"og:locale\" content=\"en_GB\" \/>\n<meta property=\"og:type\" content=\"article\" \/>\n<meta property=\"og:title\" content=\"Pahar de ceai sau espresso - Frenvi - Redefining Sustainability\" \/>\n<meta property=\"og:description\" content=\"Ideea noastra de a-ti servi bautura, Cutting-chai dar nu intr-un pahar de sticla ci intr-un pahar fabricat din resurse reutilizabile. Bucura\u021bi-v\u0103 de b\u0103utura preferat\u0103 \u00een acest pahar clasic care induce nostalgie. Sun\u0103-\u021bi prietenii, cu c\u00e2t mai mul\u021bi, cu at\u00e2t mai bine.  Aceste alegeri contribuie semnificativ la efortul global de a reface planeta noastra. Prin prioritizarea sustenabilitatii in spatiile noastre de locuit, de la vasele pentru baut pana la sistemele mai mari din casa, ne alaturam unei miscari colective care promoveaza schimbari pozitive pentru mediu. Fiecare inghititura din setul tau sustenabil de pahare pentru ceai serveste drept amintire a angajamentului tau pentru un viitor mai verde, facand din ritualurile tale zilnice o parte din solutie.  Fabricat din biocompozite reciclate. Produsele noastre sunt create cu grija, folosind biocompozite de inalta calitate obtinute din deseuri agricole colectate in mod responsabil \u2014 inclusiv fibre de bambus, coji de orez, coji de cafea, paie de orez si amestecate cu polipropilena (PP) alimentara. Prin reutilizarea acestor reziduuri agricole, dam o noua viata materialelor naturale care altfel ar fi fost irosite. Combinate cu polipropilena pentru un plus de durabilitate, fiecare produs este conceput sa fie rezistent, sigur si reutilizabil, reducand impactul asupra mediului de la productie pana la finalul ciclului de viata. Sustenabil prin design. Circular prin intentie.  Tehnologie noua\u00a0\u2013 Fabricate cu tehnologia noastra proprie de biocompozite, aceste pahare ofera o durabilitate foarte buna. Sunt o alternativa excelenta la paharele din plastic, sticla sau ceramica. Sigur pentru contactul cu alimente\u00a0\u2013 Fara substante nocive precum BPA, formaldehida sau melamina. Nu sunt utilizate chimicale toxice in procesul de fabricatie. Sunt compatibile cu masina de spalat vase si cuptorul cu microunde, pentru reincalzire rapida. Prietenos cu comunitatea\u00a0\u2013 De la colectarea reziduurilor agricole pana la fabricarea produselor, cream valoare pentru fermierii si fabricile implicate in dezvoltarea comunitatilor rurale. Nu se folosesc si nu se elimina substante toxice in procesul de productie a acestor pahare. Prietenos cu mediul \u2013 Realizate din fibre de bambus refolosite, coaja de orez si lianti siguri pentru contactul cu alimentele. Pot fi reciclate la finalul utilizarii, sustinand economia circulara de la design pana la eliminare. Astfel, contribuim la conservarea resurselor naturale ale planetei. Prietenos cu clima\u00a0\u2013 Bambusul si coaja de orez refolosite retin carbonul biogenic in aceste produse. Ca urmare, amprenta de carbon este semnificativ redusa, sprijinind eforturile impotriva schimbarilor climatice. Utilitate excelenta\u00a0\u2013 Aceste pahare simple si esentiale sunt create pentru a-ti insoti fiecare masa. Serveste apa, suc sau orice bautura calda ori rece prietenilor si familiei in aceste pahare naturale. Realizate din deseuri agricole, in nuante pastelate moderne, vor aduce cu siguranta un plus de stil mesei tale. Pune-le in valoare cu mandrie! Datorita pigmentilor naturali folositi in procesul de colorare, pot aparea usoare variatii de culoare ale produsului.     Design eco-constient: Creat pentru un stil de viata prietenos cu planeta, folosind materiale sustenabile. Bio-compozite naturale: Fabricat din amestecuri durabile de coji de cafea, coji de orez, fibre de bambus si altele. 100% reciclabil: Complet reciclabil pentru a reduce impactul asupra mediului. Ultra durabil si indestructibil: Conceput sa reziste utilizarii zilnice fara sa crape sau sa se sparga. Finisaj rezistent la zgariaturi: Pastreaza un aspect curat si lustruit in timp. Amprenta redusa de carbon: Minimizeaza emisiile de CO2 pe tot parcursul ciclului de productie. Ideal pentru cadouri si calatorii: Stilat, practic si potrivit pentru orice ocazie. Sigur pentru masina de spalat vase: Rezista pana la 3.000 de cicluri fara deteriorare. Sigur si non-toxic: Fara formaldehida, BPA, melamina sau alte substante nocive. Compatibil cu cuptorul cu microunde si congelatorul:\u00a0Sigur pentru contactul cu alimentele; reincalzire rapida in microunde (sub 1 minut) si compatibil cu congelatorul. Versatil si rezistent la temperaturi: Potrivit atat pentru bauturi calde, cat si reci. Alegere Sustenabila: Ajuta la reducerea deseurilor si a amprentei ecologice. Varietate stilata: Disponibil in mai multe culori atragatoare si forme moderne. Recomandat pentru: Acasa, Birou, Petrecere, Calatorii, HoReCa  Certificat TUV\u00a0pentru alimente si bauturi fierbin\u021bi, fara BPA Conform standardelor SUA si UE     Dimensiune: 100 ml\u00a0 (3 oz) \/ 60 gms     &nbsp;\" \/>\n<meta property=\"og:url\" content=\"https:\/\/frenvi.eu\/en\/product\/small-glass\/\" \/>\n<meta property=\"og:site_name\" content=\"Frenvi - Redefining Sustainability\" \/>\n<meta property=\"article:modified_time\" content=\"2026-03-19T13:27:33+00:00\" \/>\n<meta property=\"og:image\" content=\"https:\/\/frenvi.eu\/wp-content\/uploads\/2024\/06\/Frame-10.png\" \/>\n\t<meta property=\"og:image:width\" content=\"551\" \/>\n\t<meta property=\"og:image:height\" content=\"828\" \/>\n\t<meta property=\"og:image:type\" content=\"image\/png\" \/>\n<meta name=\"twitter:card\" content=\"summary_large_image\" \/>\n<meta name=\"twitter:label1\" content=\"Estimated reading time\" \/>\n\t<meta name=\"twitter:data1\" content=\"1 minute\" \/>\n<script type=\"application\/ld+json\" class=\"yoast-schema-graph\">{\"@context\":\"https:\/\/schema.org\",\"@graph\":[{\"@type\":\"WebPage\",\"@id\":\"https:\/\/frenvi.eu\/product\/small-glass\/\",\"url\":\"https:\/\/frenvi.eu\/product\/small-glass\/\",\"name\":\"Pahar de ceai sau espresso - Frenvi - Redefining Sustainability\",\"isPartOf\":{\"@id\":\"https:\/\/frenvi.eu\/#website\"},\"primaryImageOfPage\":{\"@id\":\"https:\/\/frenvi.eu\/product\/small-glass\/#primaryimage\"},\"image\":{\"@id\":\"https:\/\/frenvi.eu\/product\/small-glass\/#primaryimage\"},\"thumbnailUrl\":\"https:\/\/frenvi.eu\/wp-content\/uploads\/2024\/06\/Frame-10.png\",\"datePublished\":\"2025-04-12T08:26:44+00:00\",\"dateModified\":\"2026-03-19T13:27:33+00:00\",\"breadcrumb\":{\"@id\":\"https:\/\/frenvi.eu\/product\/small-glass\/#breadcrumb\"},\"inLanguage\":\"en-GB\",\"potentialAction\":[{\"@type\":\"ReadAction\",\"target\":[\"https:\/\/frenvi.eu\/product\/small-glass\/\"]}]},{\"@type\":\"ImageObject\",\"inLanguage\":\"en-GB\",\"@id\":\"https:\/\/frenvi.eu\/product\/small-glass\/#primaryimage\",\"url\":\"https:\/\/frenvi.eu\/wp-content\/uploads\/2024\/06\/Frame-10.png\",\"contentUrl\":\"https:\/\/frenvi.eu\/wp-content\/uploads\/2024\/06\/Frame-10.png\",\"width\":551,\"height\":828},{\"@type\":\"BreadcrumbList\",\"@id\":\"https:\/\/frenvi.eu\/product\/small-glass\/#breadcrumb\",\"itemListElement\":[{\"@type\":\"ListItem\",\"position\":1,\"name\":\"Home\",\"item\":\"https:\/\/frenvi.eu\/\"},{\"@type\":\"ListItem\",\"position\":2,\"name\":\"Shop\",\"item\":\"https:\/\/frenvi.eu\/shop\/\"},{\"@type\":\"ListItem\",\"position\":3,\"name\":\"Pahar de ceai sau espresso\"}]},{\"@type\":\"WebSite\",\"@id\":\"https:\/\/frenvi.eu\/#website\",\"url\":\"https:\/\/frenvi.eu\/\",\"name\":\"Frenvi - Redefining Sustainability\",\"description\":\"\",\"potentialAction\":[{\"@type\":\"SearchAction\",\"target\":{\"@type\":\"EntryPoint\",\"urlTemplate\":\"https:\/\/frenvi.eu\/?s={search_term_string}\"},\"query-input\":{\"@type\":\"PropertyValueSpecification\",\"valueRequired\":true,\"valueName\":\"search_term_string\"}}],\"inLanguage\":\"en-GB\"}]}<\/script>\n<!-- \/ Yoast SEO plugin. -->","yoast_head_json":{"title":"Pahar de ceai sau espresso - Frenvi - Redefining Sustainability","robots":{"index":"index","follow":"follow","max-snippet":"max-snippet:-1","max-image-preview":"max-image-preview:large","max-video-preview":"max-video-preview:-1"},"canonical":"https:\/\/frenvi.eu\/en\/product\/small-glass\/","og_locale":"en_GB","og_type":"article","og_title":"Pahar de ceai sau espresso - Frenvi - Redefining Sustainability","og_description":"Ideea noastra de a-ti servi bautura, Cutting-chai dar nu intr-un pahar de sticla ci intr-un pahar fabricat din resurse reutilizabile. Bucura\u021bi-v\u0103 de b\u0103utura preferat\u0103 \u00een acest pahar clasic care induce nostalgie. Sun\u0103-\u021bi prietenii, cu c\u00e2t mai mul\u021bi, cu at\u00e2t mai bine.  Aceste alegeri contribuie semnificativ la efortul global de a reface planeta noastra. Prin prioritizarea sustenabilitatii in spatiile noastre de locuit, de la vasele pentru baut pana la sistemele mai mari din casa, ne alaturam unei miscari colective care promoveaza schimbari pozitive pentru mediu. Fiecare inghititura din setul tau sustenabil de pahare pentru ceai serveste drept amintire a angajamentului tau pentru un viitor mai verde, facand din ritualurile tale zilnice o parte din solutie.  Fabricat din biocompozite reciclate. Produsele noastre sunt create cu grija, folosind biocompozite de inalta calitate obtinute din deseuri agricole colectate in mod responsabil \u2014 inclusiv fibre de bambus, coji de orez, coji de cafea, paie de orez si amestecate cu polipropilena (PP) alimentara. Prin reutilizarea acestor reziduuri agricole, dam o noua viata materialelor naturale care altfel ar fi fost irosite. Combinate cu polipropilena pentru un plus de durabilitate, fiecare produs este conceput sa fie rezistent, sigur si reutilizabil, reducand impactul asupra mediului de la productie pana la finalul ciclului de viata. Sustenabil prin design. Circular prin intentie.  Tehnologie noua\u00a0\u2013 Fabricate cu tehnologia noastra proprie de biocompozite, aceste pahare ofera o durabilitate foarte buna. Sunt o alternativa excelenta la paharele din plastic, sticla sau ceramica. Sigur pentru contactul cu alimente\u00a0\u2013 Fara substante nocive precum BPA, formaldehida sau melamina. Nu sunt utilizate chimicale toxice in procesul de fabricatie. Sunt compatibile cu masina de spalat vase si cuptorul cu microunde, pentru reincalzire rapida. Prietenos cu comunitatea\u00a0\u2013 De la colectarea reziduurilor agricole pana la fabricarea produselor, cream valoare pentru fermierii si fabricile implicate in dezvoltarea comunitatilor rurale. Nu se folosesc si nu se elimina substante toxice in procesul de productie a acestor pahare. Prietenos cu mediul \u2013 Realizate din fibre de bambus refolosite, coaja de orez si lianti siguri pentru contactul cu alimentele. Pot fi reciclate la finalul utilizarii, sustinand economia circulara de la design pana la eliminare. Astfel, contribuim la conservarea resurselor naturale ale planetei. Prietenos cu clima\u00a0\u2013 Bambusul si coaja de orez refolosite retin carbonul biogenic in aceste produse. Ca urmare, amprenta de carbon este semnificativ redusa, sprijinind eforturile impotriva schimbarilor climatice. Utilitate excelenta\u00a0\u2013 Aceste pahare simple si esentiale sunt create pentru a-ti insoti fiecare masa. Serveste apa, suc sau orice bautura calda ori rece prietenilor si familiei in aceste pahare naturale. Realizate din deseuri agricole, in nuante pastelate moderne, vor aduce cu siguranta un plus de stil mesei tale. Pune-le in valoare cu mandrie! Datorita pigmentilor naturali folositi in procesul de colorare, pot aparea usoare variatii de culoare ale produsului.     Design eco-constient: Creat pentru un stil de viata prietenos cu planeta, folosind materiale sustenabile. Bio-compozite naturale: Fabricat din amestecuri durabile de coji de cafea, coji de orez, fibre de bambus si altele. 100% reciclabil: Complet reciclabil pentru a reduce impactul asupra mediului. Ultra durabil si indestructibil: Conceput sa reziste utilizarii zilnice fara sa crape sau sa se sparga. Finisaj rezistent la zgariaturi: Pastreaza un aspect curat si lustruit in timp. Amprenta redusa de carbon: Minimizeaza emisiile de CO2 pe tot parcursul ciclului de productie. Ideal pentru cadouri si calatorii: Stilat, practic si potrivit pentru orice ocazie. Sigur pentru masina de spalat vase: Rezista pana la 3.000 de cicluri fara deteriorare. Sigur si non-toxic: Fara formaldehida, BPA, melamina sau alte substante nocive. Compatibil cu cuptorul cu microunde si congelatorul:\u00a0Sigur pentru contactul cu alimentele; reincalzire rapida in microunde (sub 1 minut) si compatibil cu congelatorul. Versatil si rezistent la temperaturi: Potrivit atat pentru bauturi calde, cat si reci. Alegere Sustenabila: Ajuta la reducerea deseurilor si a amprentei ecologice. Varietate stilata: Disponibil in mai multe culori atragatoare si forme moderne. Recomandat pentru: Acasa, Birou, Petrecere, Calatorii, HoReCa  Certificat TUV\u00a0pentru alimente si bauturi fierbin\u021bi, fara BPA Conform standardelor SUA si UE     Dimensiune: 100 ml\u00a0 (3 oz) \/ 60 gms     &nbsp;","og_url":"https:\/\/frenvi.eu\/en\/product\/small-glass\/","og_site_name":"Frenvi - Redefining Sustainability","article_modified_time":"2026-03-19T13:27:33+00:00","og_image":[{"width":551,"height":828,"url":"https:\/\/frenvi.eu\/wp-content\/uploads\/2024\/06\/Frame-10.png","type":"image\/png"}],"twitter_card":"summary_large_image","twitter_misc":{"Estimated reading time":"1 minute"},"schema":{"@context":"https:\/\/schema.org","@graph":[{"@type":"WebPage","@id":"https:\/\/frenvi.eu\/product\/small-glass\/","url":"https:\/\/frenvi.eu\/product\/small-glass\/","name":"Pahar de ceai sau espresso - Frenvi - Redefining Sustainability","isPartOf":{"@id":"https:\/\/frenvi.eu\/#website"},"primaryImageOfPage":{"@id":"https:\/\/frenvi.eu\/product\/small-glass\/#primaryimage"},"image":{"@id":"https:\/\/frenvi.eu\/product\/small-glass\/#primaryimage"},"thumbnailUrl":"https:\/\/frenvi.eu\/wp-content\/uploads\/2024\/06\/Frame-10.png","datePublished":"2025-04-12T08:26:44+00:00","dateModified":"2026-03-19T13:27:33+00:00","breadcrumb":{"@id":"https:\/\/frenvi.eu\/product\/small-glass\/#breadcrumb"},"inLanguage":"en-GB","potentialAction":[{"@type":"ReadAction","target":["https:\/\/frenvi.eu\/product\/small-glass\/"]}]},{"@type":"ImageObject","inLanguage":"en-GB","@id":"https:\/\/frenvi.eu\/product\/small-glass\/#primaryimage","url":"https:\/\/frenvi.eu\/wp-content\/uploads\/2024\/06\/Frame-10.png","contentUrl":"https:\/\/frenvi.eu\/wp-content\/uploads\/2024\/06\/Frame-10.png","width":551,"height":828},{"@type":"BreadcrumbList","@id":"https:\/\/frenvi.eu\/product\/small-glass\/#breadcrumb","itemListElement":[{"@type":"ListItem","position":1,"name":"Home","item":"https:\/\/frenvi.eu\/"},{"@type":"ListItem","position":2,"name":"Shop","item":"https:\/\/frenvi.eu\/shop\/"},{"@type":"ListItem","position":3,"name":"Pahar de ceai sau espresso"}]},{"@type":"WebSite","@id":"https:\/\/frenvi.eu\/#website","url":"https:\/\/frenvi.eu\/","name":"Frenvi - Redefining Sustainability","description":"","potentialAction":[{"@type":"SearchAction","target":{"@type":"EntryPoint","urlTemplate":"https:\/\/frenvi.eu\/?s={search_term_string}"},"query-input":{"@type":"PropertyValueSpecification","valueRequired":true,"valueName":"search_term_string"}}],"inLanguage":"en-GB"}]}},"_links":{"self":[{"href":"https:\/\/frenvi.eu\/en\/wp-json\/wp\/v2\/product\/1433","targetHints":{"allow":["GET"]}}],"collection":[{"href":"https:\/\/frenvi.eu\/en\/wp-json\/wp\/v2\/product"}],"about":[{"href":"https:\/\/frenvi.eu\/en\/wp-json\/wp\/v2\/types\/product"}],"replies":[{"embeddable":true,"href":"https:\/\/frenvi.eu\/en\/wp-json\/wp\/v2\/comments?post=1433"}],"wp:featuredmedia":[{"embeddable":true,"href":"https:\/\/frenvi.eu\/en\/wp-json\/wp\/v2\/media\/3164"}],"wp:attachment":[{"href":"https:\/\/frenvi.eu\/en\/wp-json\/wp\/v2\/media?parent=1433"}],"wp:term":[{"taxonomy":"product_brand","embeddable":true,"href":"https:\/\/frenvi.eu\/en\/wp-json\/wp\/v2\/product_brand?post=1433"},{"taxonomy":"product_cat","embeddable":true,"href":"https:\/\/frenvi.eu\/en\/wp-json\/wp\/v2\/product_cat?post=1433"},{"taxonomy":"product_tag","embeddable":true,"href":"https:\/\/frenvi.eu\/en\/wp-json\/wp\/v2\/product_tag?post=1433"}],"curies":[{"name":"wp","href":"https:\/\/api.w.org\/{rel}","templated":true}]}}