{"id":1410,"date":"2024-07-20T07:34:28","date_gmt":"2024-07-20T07:34:28","guid":{"rendered":"https:\/\/frenvi.eu\/product\/tasty-maxi\/"},"modified":"2026-03-19T14:34:58","modified_gmt":"2026-03-19T14:34:58","slug":"tasty-maxi","status":"publish","type":"product","link":"https:\/\/frenvi.eu\/en\/product\/tasty-maxi\/","title":{"rendered":"Tasty Maxi"},"content":{"rendered":"","protected":false},"excerpt":{"rendered":"<p><img decoding=\"async\" class=\"alignnone wp-image-582\" src=\"https:\/\/frenvi.eu\/wp-content\/uploads\/2024\/06\/gmovegan.png\" alt=\"\" width=\"128\" height=\"63\" srcset=\"https:\/\/frenvi.eu\/wp-content\/uploads\/2024\/06\/gmovegan.png 286w, https:\/\/frenvi.eu\/wp-content\/uploads\/2024\/06\/gmovegan-150x74.png 150w\" sizes=\"(max-width: 128px) 100vw, 128px\" \/><br \/>\nFall in love with the taste of sustainability with our Tasty Maxi. You can enjoy the 3D-shaped spoon in two delicious versions. Made from high-quality, natural ingredients, it makes a delicious addition to soups, desserts and more.<\/p>\n<p>Experience the luxury of conscious enjoyment and discover the joy of a meal where even the spoon is a highlight. In hot soups the edible spoon lasts at least 15-20 minutes, in hot dishes 40-50 minutes and in cold dishes up to 60 minutes.<\/p>\n<p><strong>Areas of application:<\/strong> soups, risotto, rice, curry, take-away boxes, hearty bowls, ice cream, porridge, cereal, yoghurt and much more.<\/p>\n<p><strong>Size: 140x35x4mm<\/strong><br \/>\n<strong>Weight: 12g<\/strong><\/p>\n<p>In use, the taste of the food is not affected with the flavours of the spoons. The delicious flavour of the spoon unfolds only when its chewed or eaten.<\/p>\n<p><strong>Storage: <\/strong><span style=\"font-weight: 400;\">Store your cutlery in a cool, dry place. Once opened, store in an airtight container to preserve crispiness and maximise shelf life.<\/span><\/p>\n<p><strong>Shelf Life:<\/strong> 18 months<\/p>\n<p><strong>Certified in Accordance with:<\/strong><br \/>\nISO 22000 | FSSC 22000 | FSSAI |FDA | BRC | HALAL | KOSHER |<br \/>\nDECLARATION OF CONFORMITY | COA PRODUCT SPECIFICATIONS<\/p>\n<p><strong>10 pieces\/set<\/strong><\/p>","protected":false},"featured_media":1449,"comment_status":"open","ping_status":"closed","template":"","meta":{"_acf_changed":false,"iawp_total_views":153},"product_brand":[],"product_cat":[45,44],"product_tag":[],"class_list":{"0":"post-1410","1":"product","2":"type-product","3":"status-publish","4":"has-post-thumbnail","6":"product_cat-eatlery-2","7":"product_cat-tacamuri-2","9":"first","10":"instock","11":"shipping-taxable","12":"purchasable","13":"product-type-variable"},"acf":[],"yoast_head":"<!-- This site is optimized with the Yoast SEO plugin v26.9 - https:\/\/yoast.com\/product\/yoast-seo-wordpress\/ -->\n<title>Tasty Maxi - Frenvi - Redefining Sustainability<\/title>\n<meta name=\"robots\" content=\"index, follow, max-snippet:-1, max-image-preview:large, max-video-preview:-1\" \/>\n<link rel=\"canonical\" href=\"https:\/\/frenvi.eu\/en\/product\/tasty-maxi\/\" \/>\n<meta property=\"og:locale\" content=\"en_GB\" \/>\n<meta property=\"og:type\" content=\"article\" \/>\n<meta property=\"og:title\" content=\"Tasty Maxi - Frenvi - Redefining Sustainability\" \/>\n<meta property=\"og:description\" content=\"\u00cendr\u0103gosti\u021bi-v\u0103 de gustul durabilit\u0103\u021bii cu Tasty Maxi. Te po\u021bi bucura de lingura \u00een form\u0103 3D \u00een dou\u0103 versiuni delicioase. Fabricat din ingrediente naturale de \u00eenalt\u0103 calitate, este un plus delicios la supe, deserturi \u0219i multe altele.  Experimenta\u021bi luxul pl\u0103cerii con\u0219tiente \u0219i descoperi\u021bi bucuria unei mese \u00een care chiar \u0219i lingura este un punct culminant. \u00cen ciorbele fierbin\u021bi lingura comestibil\u0103 rezista cel pu\u021bin 15-20 de minute, \u00een m\u00e2nc\u0103rurile calde 40-50 de minute \u0219i \u00een m\u00e2nc\u0103rurile reci p\u00e2n\u0103 la 60 de minute.  Domenii de aplicare: supe, orez, curry, mancare la pachet, inghetata, terci, cereale, iaurt si multe altele.  Dimensiune: 140x35x4mm Greutate: 12g  \u00cen utilizare, gustul alimentelor nu este afectat de aroma tacamului. Savoarea delicioas\u0103 a tacamului se simte numai atunci c\u00e2nd este mestecat sau m\u00e2ncat.  Depozitare: P\u0103stra\u021bi tac\u00e2murile \u00eentr-un loc r\u0103coros \u0219i uscat. Odat\u0103 deschis ambalajul, depozita\u021bi \u00eentr-un recipient ermetic pentru a p\u0103stra gustul crocant \u0219i pentru a maximiza durata de valabilitate.  Perioad\u0103 de valabilitate: 18 luni  Certificat in conformitate cu: ISO 22000 | FSSC 22000 | FSSAI |FDA | BRC | HALAL | KOSHER | DECLARATION OF CONFORMITY | COA PRODUCT SPECIFICATIONS  10 buc \/set\" \/>\n<meta property=\"og:url\" content=\"https:\/\/frenvi.eu\/en\/product\/tasty-maxi\/\" \/>\n<meta property=\"og:site_name\" content=\"Frenvi - Redefining Sustainability\" \/>\n<meta property=\"article:modified_time\" content=\"2026-03-19T14:34:58+00:00\" \/>\n<meta property=\"og:image\" content=\"https:\/\/frenvi.eu\/wp-content\/uploads\/2024\/07\/tasty-maxi123.png\" \/>\n\t<meta property=\"og:image:width\" content=\"734\" \/>\n\t<meta property=\"og:image:height\" content=\"1104\" \/>\n\t<meta property=\"og:image:type\" content=\"image\/png\" \/>\n<meta name=\"twitter:card\" content=\"summary_large_image\" \/>\n<meta name=\"twitter:label1\" content=\"Estimated reading time\" \/>\n\t<meta name=\"twitter:data1\" content=\"1 minute\" \/>\n<script type=\"application\/ld+json\" class=\"yoast-schema-graph\">{\"@context\":\"https:\/\/schema.org\",\"@graph\":[{\"@type\":\"WebPage\",\"@id\":\"https:\/\/frenvi.eu\/product\/tasty-maxi\/\",\"url\":\"https:\/\/frenvi.eu\/product\/tasty-maxi\/\",\"name\":\"Tasty Maxi - Frenvi - Redefining Sustainability\",\"isPartOf\":{\"@id\":\"https:\/\/frenvi.eu\/#website\"},\"primaryImageOfPage\":{\"@id\":\"https:\/\/frenvi.eu\/product\/tasty-maxi\/#primaryimage\"},\"image\":{\"@id\":\"https:\/\/frenvi.eu\/product\/tasty-maxi\/#primaryimage\"},\"thumbnailUrl\":\"https:\/\/frenvi.eu\/wp-content\/uploads\/2024\/07\/tasty-maxi123.png\",\"datePublished\":\"2024-07-20T07:34:28+00:00\",\"dateModified\":\"2026-03-19T14:34:58+00:00\",\"breadcrumb\":{\"@id\":\"https:\/\/frenvi.eu\/product\/tasty-maxi\/#breadcrumb\"},\"inLanguage\":\"en-GB\",\"potentialAction\":[{\"@type\":\"ReadAction\",\"target\":[\"https:\/\/frenvi.eu\/product\/tasty-maxi\/\"]}]},{\"@type\":\"ImageObject\",\"inLanguage\":\"en-GB\",\"@id\":\"https:\/\/frenvi.eu\/product\/tasty-maxi\/#primaryimage\",\"url\":\"https:\/\/frenvi.eu\/wp-content\/uploads\/2024\/07\/tasty-maxi123.png\",\"contentUrl\":\"https:\/\/frenvi.eu\/wp-content\/uploads\/2024\/07\/tasty-maxi123.png\",\"width\":734,\"height\":1104},{\"@type\":\"BreadcrumbList\",\"@id\":\"https:\/\/frenvi.eu\/product\/tasty-maxi\/#breadcrumb\",\"itemListElement\":[{\"@type\":\"ListItem\",\"position\":1,\"name\":\"Home\",\"item\":\"https:\/\/frenvi.eu\/\"},{\"@type\":\"ListItem\",\"position\":2,\"name\":\"Shop\",\"item\":\"https:\/\/frenvi.eu\/shop\/\"},{\"@type\":\"ListItem\",\"position\":3,\"name\":\"Tasty Maxi\"}]},{\"@type\":\"WebSite\",\"@id\":\"https:\/\/frenvi.eu\/#website\",\"url\":\"https:\/\/frenvi.eu\/\",\"name\":\"Frenvi - Redefining Sustainability\",\"description\":\"\",\"potentialAction\":[{\"@type\":\"SearchAction\",\"target\":{\"@type\":\"EntryPoint\",\"urlTemplate\":\"https:\/\/frenvi.eu\/?s={search_term_string}\"},\"query-input\":{\"@type\":\"PropertyValueSpecification\",\"valueRequired\":true,\"valueName\":\"search_term_string\"}}],\"inLanguage\":\"en-GB\"}]}<\/script>\n<!-- \/ Yoast SEO plugin. -->","yoast_head_json":{"title":"Tasty Maxi - Frenvi - Redefining Sustainability","robots":{"index":"index","follow":"follow","max-snippet":"max-snippet:-1","max-image-preview":"max-image-preview:large","max-video-preview":"max-video-preview:-1"},"canonical":"https:\/\/frenvi.eu\/en\/product\/tasty-maxi\/","og_locale":"en_GB","og_type":"article","og_title":"Tasty Maxi - Frenvi - Redefining Sustainability","og_description":"\u00cendr\u0103gosti\u021bi-v\u0103 de gustul durabilit\u0103\u021bii cu Tasty Maxi. Te po\u021bi bucura de lingura \u00een form\u0103 3D \u00een dou\u0103 versiuni delicioase. Fabricat din ingrediente naturale de \u00eenalt\u0103 calitate, este un plus delicios la supe, deserturi \u0219i multe altele.  Experimenta\u021bi luxul pl\u0103cerii con\u0219tiente \u0219i descoperi\u021bi bucuria unei mese \u00een care chiar \u0219i lingura este un punct culminant. \u00cen ciorbele fierbin\u021bi lingura comestibil\u0103 rezista cel pu\u021bin 15-20 de minute, \u00een m\u00e2nc\u0103rurile calde 40-50 de minute \u0219i \u00een m\u00e2nc\u0103rurile reci p\u00e2n\u0103 la 60 de minute.  Domenii de aplicare: supe, orez, curry, mancare la pachet, inghetata, terci, cereale, iaurt si multe altele.  Dimensiune: 140x35x4mm Greutate: 12g  \u00cen utilizare, gustul alimentelor nu este afectat de aroma tacamului. Savoarea delicioas\u0103 a tacamului se simte numai atunci c\u00e2nd este mestecat sau m\u00e2ncat.  Depozitare: P\u0103stra\u021bi tac\u00e2murile \u00eentr-un loc r\u0103coros \u0219i uscat. Odat\u0103 deschis ambalajul, depozita\u021bi \u00eentr-un recipient ermetic pentru a p\u0103stra gustul crocant \u0219i pentru a maximiza durata de valabilitate.  Perioad\u0103 de valabilitate: 18 luni  Certificat in conformitate cu: ISO 22000 | FSSC 22000 | FSSAI |FDA | BRC | HALAL | KOSHER | DECLARATION OF CONFORMITY | COA PRODUCT SPECIFICATIONS  10 buc \/set","og_url":"https:\/\/frenvi.eu\/en\/product\/tasty-maxi\/","og_site_name":"Frenvi - Redefining Sustainability","article_modified_time":"2026-03-19T14:34:58+00:00","og_image":[{"width":734,"height":1104,"url":"https:\/\/frenvi.eu\/wp-content\/uploads\/2024\/07\/tasty-maxi123.png","type":"image\/png"}],"twitter_card":"summary_large_image","twitter_misc":{"Estimated reading time":"1 minute"},"schema":{"@context":"https:\/\/schema.org","@graph":[{"@type":"WebPage","@id":"https:\/\/frenvi.eu\/product\/tasty-maxi\/","url":"https:\/\/frenvi.eu\/product\/tasty-maxi\/","name":"Tasty Maxi - Frenvi - Redefining Sustainability","isPartOf":{"@id":"https:\/\/frenvi.eu\/#website"},"primaryImageOfPage":{"@id":"https:\/\/frenvi.eu\/product\/tasty-maxi\/#primaryimage"},"image":{"@id":"https:\/\/frenvi.eu\/product\/tasty-maxi\/#primaryimage"},"thumbnailUrl":"https:\/\/frenvi.eu\/wp-content\/uploads\/2024\/07\/tasty-maxi123.png","datePublished":"2024-07-20T07:34:28+00:00","dateModified":"2026-03-19T14:34:58+00:00","breadcrumb":{"@id":"https:\/\/frenvi.eu\/product\/tasty-maxi\/#breadcrumb"},"inLanguage":"en-GB","potentialAction":[{"@type":"ReadAction","target":["https:\/\/frenvi.eu\/product\/tasty-maxi\/"]}]},{"@type":"ImageObject","inLanguage":"en-GB","@id":"https:\/\/frenvi.eu\/product\/tasty-maxi\/#primaryimage","url":"https:\/\/frenvi.eu\/wp-content\/uploads\/2024\/07\/tasty-maxi123.png","contentUrl":"https:\/\/frenvi.eu\/wp-content\/uploads\/2024\/07\/tasty-maxi123.png","width":734,"height":1104},{"@type":"BreadcrumbList","@id":"https:\/\/frenvi.eu\/product\/tasty-maxi\/#breadcrumb","itemListElement":[{"@type":"ListItem","position":1,"name":"Home","item":"https:\/\/frenvi.eu\/"},{"@type":"ListItem","position":2,"name":"Shop","item":"https:\/\/frenvi.eu\/shop\/"},{"@type":"ListItem","position":3,"name":"Tasty Maxi"}]},{"@type":"WebSite","@id":"https:\/\/frenvi.eu\/#website","url":"https:\/\/frenvi.eu\/","name":"Frenvi - Redefining Sustainability","description":"","potentialAction":[{"@type":"SearchAction","target":{"@type":"EntryPoint","urlTemplate":"https:\/\/frenvi.eu\/?s={search_term_string}"},"query-input":{"@type":"PropertyValueSpecification","valueRequired":true,"valueName":"search_term_string"}}],"inLanguage":"en-GB"}]}},"_links":{"self":[{"href":"https:\/\/frenvi.eu\/en\/wp-json\/wp\/v2\/product\/1410","targetHints":{"allow":["GET"]}}],"collection":[{"href":"https:\/\/frenvi.eu\/en\/wp-json\/wp\/v2\/product"}],"about":[{"href":"https:\/\/frenvi.eu\/en\/wp-json\/wp\/v2\/types\/product"}],"replies":[{"embeddable":true,"href":"https:\/\/frenvi.eu\/en\/wp-json\/wp\/v2\/comments?post=1410"}],"wp:featuredmedia":[{"embeddable":true,"href":"https:\/\/frenvi.eu\/en\/wp-json\/wp\/v2\/media\/1449"}],"wp:attachment":[{"href":"https:\/\/frenvi.eu\/en\/wp-json\/wp\/v2\/media?parent=1410"}],"wp:term":[{"taxonomy":"product_brand","embeddable":true,"href":"https:\/\/frenvi.eu\/en\/wp-json\/wp\/v2\/product_brand?post=1410"},{"taxonomy":"product_cat","embeddable":true,"href":"https:\/\/frenvi.eu\/en\/wp-json\/wp\/v2\/product_cat?post=1410"},{"taxonomy":"product_tag","embeddable":true,"href":"https:\/\/frenvi.eu\/en\/wp-json\/wp\/v2\/product_tag?post=1410"}],"curies":[{"name":"wp","href":"https:\/\/api.w.org\/{rel}","templated":true}]}}